{"id":6050,"date":"2020-04-21T16:39:47","date_gmt":"2020-04-21T16:39:47","guid":{"rendered":"http:\/\/co-operative-studies.scgtesting.com\/?page_id=6050"},"modified":"2026-03-16T11:02:39","modified_gmt":"2026-03-16T09:02:39","slug":"teaching","status":"publish","type":"page","link":"https:\/\/berlin-coopstudies.de\/de\/teaching\/","title":{"rendered":"Lehre"},"content":{"rendered":"<p>Neben den vielf\u00e4ltigen Lehraufgaben aus den Fachbereichen der Mitglieder unterst\u00fctzt das Fachgebiet \u00d6konomik l\u00e4ndlicher Genossenschaften die Sicherstellung eines speziell kooperationswissenschaftlichen Lehrangebotes an der Humboldt-Universit\u00e4t zu Berlin:<\/p>\n<p><strong>Kurs \u201cCo-operation and Co-operative Organizations\u201d<\/strong><\/p>\n<p style=\"font-weight: 400;\">Seit dem Jahr 2007 bietet das IfG die Vorlesung \u201eCooperation and Co-operative Organisations\u201c als Wahl- bzw. Pflichtfacht an der Lebenswissenschaftlichen Fakult\u00e4t der Humboldt-Universit\u00e4t zu Berlin an. \nDie Vorlesung wird f\u00fcr ca. 70 Studierende der internationalen Masterstudieng\u00e4nge Agrar\u00f6konomie, l\u00e4ndliche Entwicklung und Integriertes Management nat\u00fcrlicher Ressource angeboten. Im Jahr 2016 wurden die Vorlesung und ihre Inhalte aktualisiert und modernisiert. Aufgrund von COVID-19, fand der Kurs im Jahr 2020 in einem digitalen Format statt.<\/p>\n<p style=\"font-weight: 400;\">Im Rahmen der Vorlesung werden Studierende in das genossenschaftliche Gesch\u00e4ftsmodell eingef\u00fchrt und besch\u00e4ftigen sich kritisch mit den Fragen, warum und wo Genossenschaften entstehen, inwiefern sie sich von anderen Unternehmensformen unterscheiden und inwiefern sich das genossenschaftliche Modell zur L\u00f6sung sozialer, \u00f6kologischer und wirtschaftlicher Herausforderungen eignet.<\/p>\n<p style=\"font-weight: 400;\">Der Kurs baut auf verschiedene theoretische Str\u00e4nge aus verschiedenen Wissenschaftsbereichen auf, wie z.B. dem kollektiven Handeln, der Verhaltens- oder Entwicklungs\u00f6konomie oder Innovation. Er analysiert auch Genossenschaften als Strategien zur Armutsbek\u00e4mpfung und der l\u00e4ndlichen Entwicklung in L\u00e4ndern des Globalen S\u00fcdens.<\/p>\n<p><b>Examples of Content and Guest Lecturers (See below for a detailed overview):<\/b><\/p>\n<ul>\n<li style=\"font-weight: 400;\">Cooperation as a Pattern of (Human) Behaviour;\u00a0The Cooperative Model<\/li>\n<li>Governance in der Genossenschaft<\/li>\n<li>Die Genossenschaft aus der Perspektive der Wertsch\u00f6pfungskette<\/li>\n<li>Genossenschaften und der agrar\u00f6kologische \u00dcbergang<\/li>\n<li>Empirische Forschungsstruktur und Inhalt des Forschungsvorschlags<\/li>\n<li>Die Genossenschaft und der Markt<\/li>\n<li style=\"font-weight: 400;\">Politische Ma\u00dfnahmen und Rahmenbedingungen f\u00fcr die Entwicklung von Genossenschaften <\/li>\n<li style=\"font-weight: 400;\">Bauernorganisationen in Schwellen- und Entwicklungsl\u00e4ndern<\/li>\n<\/ul>\n<p><strong>Dozent:<\/strong> Prof. Dr. Markus Hanisch and Prof. Dr. Marcel Robischon<\/p>\n<p><strong>Gastdozent*innen:\u00a0<\/strong><\/p>\n<ul>\n<li style=\"font-weight: 400;\">Aicha Mechri<\/li>\n<li>Katrin Martens<\/li>\n<li>Marcel Robischon<\/li>\n<li>Agustina Malvido<\/li>\n<li>Jos Bijman<\/li>\n<li>Benjamin Dannemann<\/li>\n<li>Margitta Minah<\/li>\n<li>V\u00e9ronique Du Herde<\/li>\n<\/ul>\n<p><strong>Methode:<\/strong> Vorlesungen und Seminare, \u00dcbungen, Gruppenarbeiten, Literaturanalyse, Verfassen von Forschungsvorschl\u00e4gen und Pr\u00e4sentation.<\/p>\n<p><a href=\"https:\/\/berlin-coopstudies.de\/wp-content\/uploads\/2025\/10\/Coop-2025-General-information.pdf\">Coop 2025 General information<\/a><\/p>","protected":false},"excerpt":{"rendered":"<p>In addition to the diverse coursework from BICS members&#8217; departments, the Department of Economics of Rural Cooperatives supports a special [&hellip;]<\/p>\n","protected":false},"author":6,"featured_media":0,"parent":0,"menu_order":34,"comment_status":"closed","ping_status":"closed","template":"","meta":{"site-sidebar-layout":"default","site-content-layout":"","ast-site-content-layout":"default","site-content-style":"default","site-sidebar-style":"default","ast-global-header-display":"","ast-banner-title-visibility":"","ast-main-header-display":"","ast-hfb-above-header-display":"","ast-hfb-below-header-display":"","ast-hfb-mobile-header-display":"","site-post-title":"","ast-breadcrumbs-content":"","ast-featured-img":"","footer-sml-layout":"","ast-disable-related-posts":"","theme-transparent-header-meta":"","adv-header-id-meta":"","stick-header-meta":"","header-above-stick-meta":"","header-main-stick-meta":"","header-below-stick-meta":"","astra-migrate-meta-layouts":"default","ast-page-background-enabled":"default","ast-page-background-meta":{"desktop":{"background-color":"var(--ast-global-color-5)","background-image":"","background-repeat":"repeat","background-position":"center center","background-size":"auto","background-attachment":"scroll","background-type":"","background-media":"","overlay-type":"","overlay-color":"","overlay-opacity":"","overlay-gradient":""},"tablet":{"background-color":"","background-image":"","background-repeat":"repeat","background-position":"center center","background-size":"auto","background-attachment":"scroll","background-type":"","background-media":"","overlay-type":"","overlay-color":"","overlay-opacity":"","overlay-gradient":""},"mobile":{"background-color":"","background-image":"","background-repeat":"repeat","background-position":"center center","background-size":"auto","background-attachment":"scroll","background-type":"","background-media":"","overlay-type":"","overlay-color":"","overlay-opacity":"","overlay-gradient":""}},"ast-content-background-meta":{"desktop":{"background-color":"var(--ast-global-color-4)","background-image":"","background-repeat":"repeat","background-position":"center center","background-size":"auto","background-attachment":"scroll","background-type":"","background-media":"","overlay-type":"","overlay-color":"","overlay-opacity":"","overlay-gradient":""},"tablet":{"background-color":"var(--ast-global-color-4)","background-image":"","background-repeat":"repeat","background-position":"center center","background-size":"auto","background-attachment":"scroll","background-type":"","background-media":"","overlay-type":"","overlay-color":"","overlay-opacity":"","overlay-gradient":""},"mobile":{"background-color":"var(--ast-global-color-4)","background-image":"","background-repeat":"repeat","background-position":"center center","background-size":"auto","background-attachment":"scroll","background-type":"","background-media":"","overlay-type":"","overlay-color":"","overlay-opacity":"","overlay-gradient":""}},"footnotes":""},"class_list":["post-6050","page","type-page","status-publish","hentry"],"yoast_head":"<!-- This site is optimized with the Yoast SEO plugin v27.3 - https:\/\/yoast.com\/product\/yoast-seo-wordpress\/ -->\n<title>Teaching - Berlin Institute for Co-operative Studies<\/title>\n<meta name=\"robots\" content=\"index, follow, max-snippet:-1, max-image-preview:large, max-video-preview:-1\" \/>\n<link rel=\"canonical\" href=\"https:\/\/berlin-coopstudies.de\/de\/teaching\/\" \/>\n<meta property=\"og:locale\" content=\"de_DE\" \/>\n<meta property=\"og:type\" content=\"article\" \/>\n<meta property=\"og:title\" content=\"Teaching - Berlin Institute for Co-operative Studies\" \/>\n<meta property=\"og:description\" content=\"In addition to the diverse coursework from BICS members&#8217; departments, the Department of Economics of Rural Cooperatives supports a special [&hellip;]\" \/>\n<meta property=\"og:url\" content=\"https:\/\/berlin-coopstudies.de\/de\/teaching\/\" \/>\n<meta property=\"og:site_name\" content=\"Berlin Institute for Co-operative Studies\" \/>\n<meta property=\"article:modified_time\" content=\"2026-03-16T09:02:39+00:00\" \/>\n<meta name=\"twitter:card\" content=\"summary_large_image\" \/>\n<meta name=\"twitter:label1\" content=\"Gesch\u00e4tzte Lesezeit\" \/>\n\t<meta name=\"twitter:data1\" content=\"2\u00a0Minuten\" \/>\n<script type=\"application\/ld+json\" class=\"yoast-schema-graph\">{\"@context\":\"https:\\\/\\\/schema.org\",\"@graph\":[{\"@type\":\"WebPage\",\"@id\":\"https:\\\/\\\/berlin-coopstudies.de\\\/teaching\\\/\",\"url\":\"https:\\\/\\\/berlin-coopstudies.de\\\/teaching\\\/\",\"name\":\"Teaching - Berlin Institute for Co-operative Studies\",\"isPartOf\":{\"@id\":\"https:\\\/\\\/berlin-coopstudies.de\\\/#website\"},\"datePublished\":\"2020-04-21T16:39:47+00:00\",\"dateModified\":\"2026-03-16T09:02:39+00:00\",\"breadcrumb\":{\"@id\":\"https:\\\/\\\/berlin-coopstudies.de\\\/teaching\\\/#breadcrumb\"},\"inLanguage\":\"de\",\"potentialAction\":[{\"@type\":\"ReadAction\",\"target\":[\"https:\\\/\\\/berlin-coopstudies.de\\\/teaching\\\/\"]}]},{\"@type\":\"BreadcrumbList\",\"@id\":\"https:\\\/\\\/berlin-coopstudies.de\\\/teaching\\\/#breadcrumb\",\"itemListElement\":[{\"@type\":\"ListItem\",\"position\":1,\"name\":\"Home\",\"item\":\"https:\\\/\\\/berlin-coopstudies.de\\\/\"},{\"@type\":\"ListItem\",\"position\":2,\"name\":\"Teaching\"}]},{\"@type\":\"WebSite\",\"@id\":\"https:\\\/\\\/berlin-coopstudies.de\\\/#website\",\"url\":\"https:\\\/\\\/berlin-coopstudies.de\\\/\",\"name\":\"Berlin Institute for Co-operative Studies\",\"description\":\"\",\"publisher\":{\"@id\":\"https:\\\/\\\/berlin-coopstudies.de\\\/#organization\"},\"potentialAction\":[{\"@type\":\"SearchAction\",\"target\":{\"@type\":\"EntryPoint\",\"urlTemplate\":\"https:\\\/\\\/berlin-coopstudies.de\\\/?s={search_term_string}\"},\"query-input\":{\"@type\":\"PropertyValueSpecification\",\"valueRequired\":true,\"valueName\":\"search_term_string\"}}],\"inLanguage\":\"de\"},{\"@type\":\"Organization\",\"@id\":\"https:\\\/\\\/berlin-coopstudies.de\\\/#organization\",\"name\":\"Berlin Institute for Co-operative Studies\",\"url\":\"https:\\\/\\\/berlin-coopstudies.de\\\/\",\"logo\":{\"@type\":\"ImageObject\",\"inLanguage\":\"de\",\"@id\":\"https:\\\/\\\/berlin-coopstudies.de\\\/#\\\/schema\\\/logo\\\/image\\\/\",\"url\":\"https:\\\/\\\/berlin-coopstudies.de\\\/wp-content\\\/uploads\\\/2026\\\/03\\\/ifg_Bildmarke_ohne-Hintergrund.png\",\"contentUrl\":\"https:\\\/\\\/berlin-coopstudies.de\\\/wp-content\\\/uploads\\\/2026\\\/03\\\/ifg_Bildmarke_ohne-Hintergrund.png\",\"width\":272,\"height\":224,\"caption\":\"Berlin Institute for Co-operative Studies\"},\"image\":{\"@id\":\"https:\\\/\\\/berlin-coopstudies.de\\\/#\\\/schema\\\/logo\\\/image\\\/\"}}]}<\/script>\n<!-- \/ Yoast SEO plugin. -->","yoast_head_json":{"title":"Teaching - Berlin Institute for Co-operative Studies","robots":{"index":"index","follow":"follow","max-snippet":"max-snippet:-1","max-image-preview":"max-image-preview:large","max-video-preview":"max-video-preview:-1"},"canonical":"https:\/\/berlin-coopstudies.de\/de\/teaching\/","og_locale":"de_DE","og_type":"article","og_title":"Teaching - Berlin Institute for Co-operative Studies","og_description":"In addition to the diverse coursework from BICS members&#8217; departments, the Department of Economics of Rural Cooperatives supports a special [&hellip;]","og_url":"https:\/\/berlin-coopstudies.de\/de\/teaching\/","og_site_name":"Berlin Institute for Co-operative Studies","article_modified_time":"2026-03-16T09:02:39+00:00","twitter_card":"summary_large_image","twitter_misc":{"Gesch\u00e4tzte Lesezeit":"2\u00a0Minuten"},"schema":{"@context":"https:\/\/schema.org","@graph":[{"@type":"WebPage","@id":"https:\/\/berlin-coopstudies.de\/teaching\/","url":"https:\/\/berlin-coopstudies.de\/teaching\/","name":"Teaching - Berlin Institute for Co-operative Studies","isPartOf":{"@id":"https:\/\/berlin-coopstudies.de\/#website"},"datePublished":"2020-04-21T16:39:47+00:00","dateModified":"2026-03-16T09:02:39+00:00","breadcrumb":{"@id":"https:\/\/berlin-coopstudies.de\/teaching\/#breadcrumb"},"inLanguage":"de","potentialAction":[{"@type":"ReadAction","target":["https:\/\/berlin-coopstudies.de\/teaching\/"]}]},{"@type":"BreadcrumbList","@id":"https:\/\/berlin-coopstudies.de\/teaching\/#breadcrumb","itemListElement":[{"@type":"ListItem","position":1,"name":"Home","item":"https:\/\/berlin-coopstudies.de\/"},{"@type":"ListItem","position":2,"name":"Teaching"}]},{"@type":"WebSite","@id":"https:\/\/berlin-coopstudies.de\/#website","url":"https:\/\/berlin-coopstudies.de\/","name":"Institut f\u00fcr Genossenschaftswesen Berlin","description":"","publisher":{"@id":"https:\/\/berlin-coopstudies.de\/#organization"},"potentialAction":[{"@type":"SearchAction","target":{"@type":"EntryPoint","urlTemplate":"https:\/\/berlin-coopstudies.de\/?s={search_term_string}"},"query-input":{"@type":"PropertyValueSpecification","valueRequired":true,"valueName":"search_term_string"}}],"inLanguage":"de"},{"@type":"Organization","@id":"https:\/\/berlin-coopstudies.de\/#organization","name":"Institut f\u00fcr Genossenschaftswesen Berlin","url":"https:\/\/berlin-coopstudies.de\/","logo":{"@type":"ImageObject","inLanguage":"de","@id":"https:\/\/berlin-coopstudies.de\/#\/schema\/logo\/image\/","url":"https:\/\/berlin-coopstudies.de\/wp-content\/uploads\/2026\/03\/ifg_Bildmarke_ohne-Hintergrund.png","contentUrl":"https:\/\/berlin-coopstudies.de\/wp-content\/uploads\/2026\/03\/ifg_Bildmarke_ohne-Hintergrund.png","width":272,"height":224,"caption":"Berlin Institute for Co-operative Studies"},"image":{"@id":"https:\/\/berlin-coopstudies.de\/#\/schema\/logo\/image\/"}}]}},"jetpack_sharing_enabled":true,"_links":{"self":[{"href":"https:\/\/berlin-coopstudies.de\/de\/wp-json\/wp\/v2\/pages\/6050","targetHints":{"allow":["GET"]}}],"collection":[{"href":"https:\/\/berlin-coopstudies.de\/de\/wp-json\/wp\/v2\/pages"}],"about":[{"href":"https:\/\/berlin-coopstudies.de\/de\/wp-json\/wp\/v2\/types\/page"}],"author":[{"embeddable":true,"href":"https:\/\/berlin-coopstudies.de\/de\/wp-json\/wp\/v2\/users\/6"}],"replies":[{"embeddable":true,"href":"https:\/\/berlin-coopstudies.de\/de\/wp-json\/wp\/v2\/comments?post=6050"}],"version-history":[{"count":37,"href":"https:\/\/berlin-coopstudies.de\/de\/wp-json\/wp\/v2\/pages\/6050\/revisions"}],"predecessor-version":[{"id":7648,"href":"https:\/\/berlin-coopstudies.de\/de\/wp-json\/wp\/v2\/pages\/6050\/revisions\/7648"}],"wp:attachment":[{"href":"https:\/\/berlin-coopstudies.de\/de\/wp-json\/wp\/v2\/media?parent=6050"}],"curies":[{"name":"wp","href":"https:\/\/api.w.org\/{rel}","templated":true}]}}