{"id":6177,"date":"2020-04-28T12:31:40","date_gmt":"2020-04-28T12:31:40","guid":{"rendered":"http:\/\/co-operative-studies.scgtesting.com\/?page_id=6177"},"modified":"2026-03-16T10:20:40","modified_gmt":"2026-03-16T08:20:40","slug":"history-mission","status":"publish","type":"page","link":"https:\/\/berlin-coopstudies.de\/de\/about\/history-mission\/","title":{"rendered":"Geschichte und Ziel"},"content":{"rendered":"<h2>Das Institut f\u00fcr Genossenschaftswesen (IFG) Berlin<\/h2>\n<p>Das IfG ist seit 1992 eine eigenst\u00e4ndige Forschungsorganisation an der Humboldt-Universit\u00e4t zu Berlin. Bereits 1990 teilten die Gr\u00fcnder des IfG die \u00dcberzeugung, dass die Stadt Berlin eine Forschungseinheit ben\u00f6tigt, die die Rolle von Genossenschaften bei der erfolgreichen Transformation politischer, wirtschaftlicher und rechtlicher Systeme in mittel- und osteurop\u00e4ischen L\u00e4ndern, einschlie\u00dflich Ostdeutschland, untersuchen kann. Seitdem haben IfG-Wissenschaftler mehr als 300 Studien und Ver\u00f6ffentlichungen zu diesem Thema erstellt.<\/p>\n<p>Bis heute ist das Hauptziel des IfG die Untersuchung von Genossenschaftsorganisationen, obwohl sich die Agenda des IfG angesichts des sich \u00e4ndernden geopolitischen Klimas entsprechend globalisiert hat. Genossenschaftsorganisationen unterscheiden sich von anderen Organisationstypen darin, dass sie auf Mitgliedern basierende kollektive Aktionsorganisationen sind, die von demokratischen Regeln, dem Prinzip des Nutzens und dem Prinzip der Eigenverantwortung der Nutzer regiert werden. Die Mitglieder besitzen, kontrollieren und finanzieren gemeinsam, was Genossenschaften tun. Im Gegenzug erwarten die Mitglieder Vorteile und Dienstleistungen f\u00fcr ihre Arbeit.<\/p>\n<p>The management of collectives is frequently riddled by a number of problems \u2014 member heterogeneity and the constraints on members to effectively work together as a group are some examples. The Berlin Institute for Cooperative Studies is maintained by a number of academics that show a vivid, interdisciplinary research interest in studying collectives and finding solutions for a wide spectrum of such collaborative organizations\u2019 problems. Farmer cooperatives, producer organizations, credit cooperatives, housing cooperatives, energy cooperatives, neighbourhood associations, workers cooperatives, and many other new and old types of collectives are involved. Academic members of the BICS are researchers and lecturers from around the world. They conduct research projects, lecture, and share expertise on various research topics. Given that cooperative organizations are a global phenomenon, the \u201ccooperative sector\u201d provides much of the empirical substance of the BICS\u2019s research and lecturing.<\/p>\n<p>Das Institut richtet sein besonderes Augenmerk auf die Belange und Interessen der Genossenschaften, ihrer Mitglieder und ihrer Verb\u00e4nde. Durch die Zusammenarbeit von Hochschullehrern und Wissenschaftlern aus unterschiedlichen Fachbereichen verf\u00fcgt das Institut \u00fcber interdisziplin\u00e4re wissenschaftliche Kompetenz, welche die Forschungsbereiche der Wirtschafts-, Sozial- und Agrar- sowie Rechtswissenschaften abdeckt. \u00dcber Studien und Publikationen gibt das Institut immer wieder Impulse f\u00fcr die deutsche Genossenschaftsentwicklung. In Forschung und Lehre kooperiert das Institut eng mit weiteren Instituten der Arbeitsgemeinschaft genossenschaftswissenschaftlicher Institute (AGI), mit Praktikern aus Genossenschaften und deren Verb\u00e4nden und mit zahlreichen national und international anerkannten Wissenschaftlerinnen und Wissenschaftlern.<\/p>\n<p>Das Institut fungiert als zentrale Anlaufstelle f\u00fcr Genossenschaftsforschung an den Universit\u00e4ten in den ostdeutschen Bundesl\u00e4ndern. Dabei sieht sich das Institut nicht nur in Deutschland als Mittler in der Transformation zwischen West und Ost, sondern auch als Kontaktadresse und Br\u00fccke f\u00fcr die Erforschung und Unterst\u00fctzung von Genossenschaften in Mittel- und Osteuropa sowie im asiatischen Raum.<\/p>\n<p>Through its range of lectures and its involvement in bachelors and master\u2019s degree programs, the institute ensures that cooperative expertise and management-oriented fundamental knowledge are firmly anchored and conveyed at Humboldt-Universit\u00e4t zu Berlin.<\/p>","protected":false},"excerpt":{"rendered":"<p>The Berlin Institute for Co-operative Studies (BICS) Since 1992, the BICS has been an independent research organization based at the [&hellip;]<\/p>\n","protected":false},"author":6,"featured_media":0,"parent":6066,"menu_order":30,"comment_status":"closed","ping_status":"closed","template":"","meta":{"site-sidebar-layout":"default","site-content-layout":"","ast-site-content-layout":"default","site-content-style":"default","site-sidebar-style":"default","ast-global-header-display":"","ast-banner-title-visibility":"","ast-main-header-display":"","ast-hfb-above-header-display":"","ast-hfb-below-header-display":"","ast-hfb-mobile-header-display":"","site-post-title":"","ast-breadcrumbs-content":"","ast-featured-img":"","footer-sml-layout":"","ast-disable-related-posts":"","theme-transparent-header-meta":"","adv-header-id-meta":"","stick-header-meta":"","header-above-stick-meta":"","header-main-stick-meta":"","header-below-stick-meta":"","astra-migrate-meta-layouts":"default","ast-page-background-enabled":"default","ast-page-background-meta":{"desktop":{"background-color":"var(--ast-global-color-5)","background-image":"","background-repeat":"repeat","background-position":"center center","background-size":"auto","background-attachment":"scroll","background-type":"","background-media":"","overlay-type":"","overlay-color":"","overlay-opacity":"","overlay-gradient":""},"tablet":{"background-color":"","background-image":"","background-repeat":"repeat","background-position":"center center","background-size":"auto","background-attachment":"scroll","background-type":"","background-media":"","overlay-type":"","overlay-color":"","overlay-opacity":"","overlay-gradient":""},"mobile":{"background-color":"","background-image":"","background-repeat":"repeat","background-position":"center center","background-size":"auto","background-attachment":"scroll","background-type":"","background-media":"","overlay-type":"","overlay-color":"","overlay-opacity":"","overlay-gradient":""}},"ast-content-background-meta":{"desktop":{"background-color":"var(--ast-global-color-4)","background-image":"","background-repeat":"repeat","background-position":"center center","background-size":"auto","background-attachment":"scroll","background-type":"","background-media":"","overlay-type":"","overlay-color":"","overlay-opacity":"","overlay-gradient":""},"tablet":{"background-color":"var(--ast-global-color-4)","background-image":"","background-repeat":"repeat","background-position":"center center","background-size":"auto","background-attachment":"scroll","background-type":"","background-media":"","overlay-type":"","overlay-color":"","overlay-opacity":"","overlay-gradient":""},"mobile":{"background-color":"var(--ast-global-color-4)","background-image":"","background-repeat":"repeat","background-position":"center center","background-size":"auto","background-attachment":"scroll","background-type":"","background-media":"","overlay-type":"","overlay-color":"","overlay-opacity":"","overlay-gradient":""}},"footnotes":""},"class_list":["post-6177","page","type-page","status-publish","hentry"],"yoast_head":"<!-- This site is optimized with the Yoast SEO plugin v27.5 - https:\/\/yoast.com\/product\/yoast-seo-wordpress\/ -->\n<title>History &amp; Mission - Berlin Institute for Co-operative Studies<\/title>\n<meta name=\"robots\" content=\"index, follow, max-snippet:-1, max-image-preview:large, max-video-preview:-1\" \/>\n<link rel=\"canonical\" href=\"https:\/\/berlin-coopstudies.de\/de\/about\/history-mission\/\" \/>\n<meta property=\"og:locale\" content=\"de_DE\" \/>\n<meta property=\"og:type\" content=\"article\" \/>\n<meta property=\"og:title\" content=\"History &amp; Mission - Berlin Institute for Co-operative Studies\" \/>\n<meta property=\"og:description\" content=\"The Berlin Institute for Co-operative Studies (BICS) Since 1992, the BICS has been an independent research organization based at the [&hellip;]\" \/>\n<meta property=\"og:url\" content=\"https:\/\/berlin-coopstudies.de\/de\/about\/history-mission\/\" \/>\n<meta property=\"og:site_name\" content=\"Berlin Institute for Co-operative Studies\" \/>\n<meta property=\"article:modified_time\" content=\"2026-03-16T08:20:40+00:00\" \/>\n<meta name=\"twitter:card\" content=\"summary_large_image\" \/>\n<meta name=\"twitter:label1\" content=\"Gesch\u00e4tzte Lesezeit\" \/>\n\t<meta name=\"twitter:data1\" content=\"3\u00a0Minuten\" \/>\n<script type=\"application\/ld+json\" class=\"yoast-schema-graph\">{\"@context\":\"https:\\\/\\\/schema.org\",\"@graph\":[{\"@type\":\"WebPage\",\"@id\":\"https:\\\/\\\/berlin-coopstudies.de\\\/about\\\/history-mission\\\/\",\"url\":\"https:\\\/\\\/berlin-coopstudies.de\\\/about\\\/history-mission\\\/\",\"name\":\"History & Mission - Berlin Institute for Co-operative Studies\",\"isPartOf\":{\"@id\":\"https:\\\/\\\/berlin-coopstudies.de\\\/#website\"},\"datePublished\":\"2020-04-28T12:31:40+00:00\",\"dateModified\":\"2026-03-16T08:20:40+00:00\",\"breadcrumb\":{\"@id\":\"https:\\\/\\\/berlin-coopstudies.de\\\/about\\\/history-mission\\\/#breadcrumb\"},\"inLanguage\":\"de\",\"potentialAction\":[{\"@type\":\"ReadAction\",\"target\":[\"https:\\\/\\\/berlin-coopstudies.de\\\/about\\\/history-mission\\\/\"]}]},{\"@type\":\"BreadcrumbList\",\"@id\":\"https:\\\/\\\/berlin-coopstudies.de\\\/about\\\/history-mission\\\/#breadcrumb\",\"itemListElement\":[{\"@type\":\"ListItem\",\"position\":1,\"name\":\"Home\",\"item\":\"https:\\\/\\\/berlin-coopstudies.de\\\/\"},{\"@type\":\"ListItem\",\"position\":2,\"name\":\"Institute\",\"item\":\"https:\\\/\\\/berlin-coopstudies.de\\\/about\\\/\"},{\"@type\":\"ListItem\",\"position\":3,\"name\":\"History &#038; Mission\"}]},{\"@type\":\"WebSite\",\"@id\":\"https:\\\/\\\/berlin-coopstudies.de\\\/#website\",\"url\":\"https:\\\/\\\/berlin-coopstudies.de\\\/\",\"name\":\"Berlin Institute for Co-operative Studies\",\"description\":\"\",\"publisher\":{\"@id\":\"https:\\\/\\\/berlin-coopstudies.de\\\/#organization\"},\"potentialAction\":[{\"@type\":\"SearchAction\",\"target\":{\"@type\":\"EntryPoint\",\"urlTemplate\":\"https:\\\/\\\/berlin-coopstudies.de\\\/?s={search_term_string}\"},\"query-input\":{\"@type\":\"PropertyValueSpecification\",\"valueRequired\":true,\"valueName\":\"search_term_string\"}}],\"inLanguage\":\"de\"},{\"@type\":\"Organization\",\"@id\":\"https:\\\/\\\/berlin-coopstudies.de\\\/#organization\",\"name\":\"Berlin Institute for Co-operative Studies\",\"url\":\"https:\\\/\\\/berlin-coopstudies.de\\\/\",\"logo\":{\"@type\":\"ImageObject\",\"inLanguage\":\"de\",\"@id\":\"https:\\\/\\\/berlin-coopstudies.de\\\/#\\\/schema\\\/logo\\\/image\\\/\",\"url\":\"https:\\\/\\\/berlin-coopstudies.de\\\/wp-content\\\/uploads\\\/2026\\\/03\\\/ifg_Bildmarke_ohne-Hintergrund.png\",\"contentUrl\":\"https:\\\/\\\/berlin-coopstudies.de\\\/wp-content\\\/uploads\\\/2026\\\/03\\\/ifg_Bildmarke_ohne-Hintergrund.png\",\"width\":272,\"height\":224,\"caption\":\"Berlin Institute for Co-operative Studies\"},\"image\":{\"@id\":\"https:\\\/\\\/berlin-coopstudies.de\\\/#\\\/schema\\\/logo\\\/image\\\/\"}}]}<\/script>\n<!-- \/ Yoast SEO plugin. -->","yoast_head_json":{"title":"History & Mission - Berlin Institute for Co-operative Studies","robots":{"index":"index","follow":"follow","max-snippet":"max-snippet:-1","max-image-preview":"max-image-preview:large","max-video-preview":"max-video-preview:-1"},"canonical":"https:\/\/berlin-coopstudies.de\/de\/about\/history-mission\/","og_locale":"de_DE","og_type":"article","og_title":"History & Mission - Berlin Institute for Co-operative Studies","og_description":"The Berlin Institute for Co-operative Studies (BICS) Since 1992, the BICS has been an independent research organization based at the [&hellip;]","og_url":"https:\/\/berlin-coopstudies.de\/de\/about\/history-mission\/","og_site_name":"Berlin Institute for Co-operative Studies","article_modified_time":"2026-03-16T08:20:40+00:00","twitter_card":"summary_large_image","twitter_misc":{"Gesch\u00e4tzte Lesezeit":"3\u00a0Minuten"},"schema":{"@context":"https:\/\/schema.org","@graph":[{"@type":"WebPage","@id":"https:\/\/berlin-coopstudies.de\/about\/history-mission\/","url":"https:\/\/berlin-coopstudies.de\/about\/history-mission\/","name":"History & Mission - Berlin Institute for Co-operative Studies","isPartOf":{"@id":"https:\/\/berlin-coopstudies.de\/#website"},"datePublished":"2020-04-28T12:31:40+00:00","dateModified":"2026-03-16T08:20:40+00:00","breadcrumb":{"@id":"https:\/\/berlin-coopstudies.de\/about\/history-mission\/#breadcrumb"},"inLanguage":"de","potentialAction":[{"@type":"ReadAction","target":["https:\/\/berlin-coopstudies.de\/about\/history-mission\/"]}]},{"@type":"BreadcrumbList","@id":"https:\/\/berlin-coopstudies.de\/about\/history-mission\/#breadcrumb","itemListElement":[{"@type":"ListItem","position":1,"name":"Home","item":"https:\/\/berlin-coopstudies.de\/"},{"@type":"ListItem","position":2,"name":"Institute","item":"https:\/\/berlin-coopstudies.de\/about\/"},{"@type":"ListItem","position":3,"name":"History &#038; Mission"}]},{"@type":"WebSite","@id":"https:\/\/berlin-coopstudies.de\/#website","url":"https:\/\/berlin-coopstudies.de\/","name":"Institut f\u00fcr Genossenschaftswesen Berlin","description":"","publisher":{"@id":"https:\/\/berlin-coopstudies.de\/#organization"},"potentialAction":[{"@type":"SearchAction","target":{"@type":"EntryPoint","urlTemplate":"https:\/\/berlin-coopstudies.de\/?s={search_term_string}"},"query-input":{"@type":"PropertyValueSpecification","valueRequired":true,"valueName":"search_term_string"}}],"inLanguage":"de"},{"@type":"Organization","@id":"https:\/\/berlin-coopstudies.de\/#organization","name":"Institut f\u00fcr Genossenschaftswesen Berlin","url":"https:\/\/berlin-coopstudies.de\/","logo":{"@type":"ImageObject","inLanguage":"de","@id":"https:\/\/berlin-coopstudies.de\/#\/schema\/logo\/image\/","url":"https:\/\/berlin-coopstudies.de\/wp-content\/uploads\/2026\/03\/ifg_Bildmarke_ohne-Hintergrund.png","contentUrl":"https:\/\/berlin-coopstudies.de\/wp-content\/uploads\/2026\/03\/ifg_Bildmarke_ohne-Hintergrund.png","width":272,"height":224,"caption":"Berlin Institute for Co-operative Studies"},"image":{"@id":"https:\/\/berlin-coopstudies.de\/#\/schema\/logo\/image\/"}}]}},"jetpack_sharing_enabled":true,"_links":{"self":[{"href":"https:\/\/berlin-coopstudies.de\/de\/wp-json\/wp\/v2\/pages\/6177","targetHints":{"allow":["GET"]}}],"collection":[{"href":"https:\/\/berlin-coopstudies.de\/de\/wp-json\/wp\/v2\/pages"}],"about":[{"href":"https:\/\/berlin-coopstudies.de\/de\/wp-json\/wp\/v2\/types\/page"}],"author":[{"embeddable":true,"href":"https:\/\/berlin-coopstudies.de\/de\/wp-json\/wp\/v2\/users\/6"}],"replies":[{"embeddable":true,"href":"https:\/\/berlin-coopstudies.de\/de\/wp-json\/wp\/v2\/comments?post=6177"}],"version-history":[{"count":27,"href":"https:\/\/berlin-coopstudies.de\/de\/wp-json\/wp\/v2\/pages\/6177\/revisions"}],"predecessor-version":[{"id":7629,"href":"https:\/\/berlin-coopstudies.de\/de\/wp-json\/wp\/v2\/pages\/6177\/revisions\/7629"}],"up":[{"embeddable":true,"href":"https:\/\/berlin-coopstudies.de\/de\/wp-json\/wp\/v2\/pages\/6066"}],"wp:attachment":[{"href":"https:\/\/berlin-coopstudies.de\/de\/wp-json\/wp\/v2\/media?parent=6177"}],"curies":[{"name":"wp","href":"https:\/\/api.w.org\/{rel}","templated":true}]}}