{"id":6252,"date":"2020-05-14T15:13:01","date_gmt":"2020-05-14T15:13:01","guid":{"rendered":"http:\/\/co-operative-studies.scgtesting.com\/?page_id=6252"},"modified":"2026-03-16T11:00:34","modified_gmt":"2026-03-16T09:00:34","slug":"supporters","status":"publish","type":"page","link":"https:\/\/berlin-coopstudies.de\/de\/supporters\/","title":{"rendered":"F\u00f6rdergesellschaft"},"content":{"rendered":"<p><strong>The Supporting Association<\/strong> is registered in Berlin as &#8220;Society for the Promotion of the Institute for Cooperative Studies at the Humboldt University of Berlin e.V.&#8221;<\/p>\n<p>Die T\u00e4tigkeit des Vereins besteht darin, das Institut f\u00fcr Genossenschaftswesen an der Humboldt-Universit\u00e4t zu Berlin f\u00fcr Zwecke der Wissenschaft und Forschung in jeder Hinsicht zu unterst\u00fctzen und ihm Mittel zur Erf\u00fcllung seiner Forschungs- und Lehraufgaben auf dem Gebiet der Genossenschaftslehre zur Verf\u00fcgung zu stellen. Zu diesem Zweck leistet der Verein insbesondere finanzielle Unterst\u00fctzung bei der Durchf\u00fchrung von Forschungsprojekten, Vortr\u00e4gen und wissenschaftlichen Veranstaltungen.<\/p>\n<p>Die Organe des F\u00f6rdervereins sind der Vorstand und die Mitgliederversammlung. Ihnen geh\u00f6ren f\u00fchrende Pers\u00f6nlichkeiten des deutschen Genossenschaftswesens an, die \u00fcber ihre T\u00e4tigkeit im F\u00f6rderverein hinaus wichtige Anregungen und Beitr\u00e4ge f\u00fcr die Arbeit des Instituts liefern.<\/p>\n<p>Die aktive Unterst\u00fctzung des IFG durch die Mitglieder des F\u00f6rdervereins f\u00fchrt zu einer engen Verbindung zwischen wissenschaftlicher Forschung und genossenschaftlicher Praxis. Im Ergebnis konnten bereits eine Vielzahl von Projekten mit signifikantem Nutzen f\u00fcr beide Seiten realisiert werden.<\/p>\n<h2 id=\"parent-fieldname-title\">Vorstand<a id=\"content\" name=\"content\"><\/a><\/h2>\n<dl>\n<dt>\n<dl>\n<dt><strong>RA Dipl.-Ing. agr. Guido Seedler (Vorstandsvorsitzender)<\/strong><\/dt>\n<dd>Deutscher Raiffeisenverband (DRV) e.V.<\/dd>\n<\/dl>\n<\/dt>\n<\/dl>\n<dl>\n<dt><strong>Dr. Andreas Bley (Stellvertretender Vorstandsvorsitzender)<\/strong><\/dt>\n<dd>Bundesverband der Deutschen Volksbanken und Raiffeisenbanken, BVR<\/dd>\n<\/dl>\n<dl>\n<dt><strong>RA Mathias Fiedler<\/strong><\/dt>\n<dd>Vorstandsmitglied, Zentralverband deutscher Konsumgenossenschaften e.V., Hamburg<\/dd>\n<\/dl>\n<dl>\n<dt><strong>Dr. Florian Nolte<\/strong><\/dt>\n<dd>GenoAkademie GmbH &amp; Co. KGAbteilungsleiter Ausbildung und Karrierestart; Leiter Berufsakademie f\u00fcr Bankwirtschaft<\/dd>\n<dd><\/dd>\n<\/dl>\n<h2 id=\"parent-fieldname-title\">Membership Fees<\/h2>\n<p><a id=\"content\" name=\"content\"><\/a><\/p>\n<p><em>Beitr\u00e4ge (pro Jahr)<\/em><\/p>\n<table width=\"601\">\n<tbody>\n<tr>\n<td><em>A:<\/em><\/td>\n<td><em>nat\u00fcrliche Personen<\/em><\/td>\n<td align=\"right\"><em>\u20ac<\/em><\/td>\n<td align=\"right\"><em>25,-<\/em><\/td>\n<td>\u00a0<\/td>\n<\/tr>\n<tr>\n<td>\u00a0<\/td>\n<td>\u00a0<\/td>\n<td align=\"right\">\u00a0<\/td>\n<td align=\"right\">\u00a0<\/td>\n<td>\u00a0<\/td>\n<\/tr>\n<tr>\n<td><em>B:<\/em><\/td>\n<td><em>juristische Personen wie folgt:<\/em><\/td>\n<td align=\"right\">\u00a0<\/td>\n<td align=\"right\">\u00a0<\/td>\n<td>\u00a0<\/td>\n<\/tr>\n<tr>\n<td>\u00a0<\/td>\n<td>\u00a0<\/td>\n<td align=\"right\">\u00a0<\/td>\n<td align=\"right\">\u00a0<\/td>\n<td>\u00a0<\/td>\n<\/tr>\n<tr>\n<td><strong><em>1.<\/em><\/strong><\/td>\n<td><strong><em>Kreditgenossenschaften<\/em><\/strong><\/td>\n<td align=\"right\">\u00a0<\/td>\n<td align=\"right\">\u00a0<\/td>\n<td>\u00a0<\/td>\n<\/tr>\n<tr>\n<td>&#8211;<\/td>\n<td><em>bis\u00a0\u00a0\u00a0 100 Mio.\u00a0 \u20ac Bilanzsumme<\/em><\/td>\n<td align=\"right\"><em>\u20ac<\/em><\/td>\n<td align=\"right\"><em>380,-<\/em><\/td>\n<td>\u00a0<\/td>\n<\/tr>\n<tr>\n<td><em>&#8211;<\/em><\/td>\n<td><em>bis\u00a0\u00a0\u00a0 200 Mio. \u20ac Bilanzsumme<\/em><\/td>\n<td align=\"right\"><em>\u20ac<\/em><\/td>\n<td align=\"right\"><em>760,-<\/em><\/td>\n<td>\u00a0<\/td>\n<\/tr>\n<tr>\n<td><em>&#8211;<\/em><\/td>\n<td><em>bis\u00a0\u00a0\u00a0 300 Mio.\u00a0 \u20ac Bilanzsumme<\/em><\/td>\n<td align=\"right\"><em>\u20ac<\/em><\/td>\n<td align=\"right\"><em>1.270,-<\/em><\/td>\n<td>\u00a0<\/td>\n<\/tr>\n<tr>\n<td><em>&#8211;<\/em><\/td>\n<td><em>bis\u00a0\u00a0\u00a0 500 Mio. \u20ac Bilanzsumme<\/em><\/td>\n<td align=\"right\"><em>\u20ac<\/em><\/td>\n<td align=\"right\"><em>1.780,-<\/em><\/td>\n<td>\u00a0<\/td>\n<\/tr>\n<tr>\n<td>\u00a0<\/td>\n<td><em>bis\u00a0\u00a0\u00a0\u00a05 Mrd.\u00a0 \u20ac Bilanzsumme<\/em><\/td>\n<td align=\"right\"><em>\u20ac<\/em><\/td>\n<td align=\"right\"><em>2.550,-<\/em><\/td>\n<td>\u00a0<\/td>\n<\/tr>\n<tr>\n<td>\u00a0<\/td>\n<td><em>\u00fcber 5 Mrd..\u00a0 \u20ac Bilanzsumme<\/em><\/td>\n<td align=\"right\"><em>\u20ac<\/em><\/td>\n<td align=\"right\"><em>5.110,-<\/em><\/td>\n<td>\u00a0<\/td>\n<\/tr>\n<tr>\n<td>\u00a0<\/td>\n<td>\u00a0<\/td>\n<td align=\"right\">\u00a0<\/td>\n<td>\u00a0<\/td>\n<td>\u00a0<\/td>\n<\/tr>\n<tr>\n<td><em><strong>2.<\/strong><\/em><\/td>\n<td colspan=\"4\"><em><strong>Agrar-, Produktiv-, Waren- und Konsumgenossenschaften<\/strong><\/em><\/td>\n<\/tr>\n<tr>\n<td>\u00a0<\/td>\n<td><em>bis\u00a0\u00a0\u00a0\u00a0\u00a0 5 Mio.\u00a0 \u20ac Umsatz<\/em><\/td>\n<td align=\"right\"><em>\u20ac<\/em><\/td>\n<td align=\"right\"><em>250,-<\/em><\/td>\n<td>\u00a0<\/td>\n<\/tr>\n<tr>\n<td>\u00a0<\/td>\n<td><em>bis\u00a0\u00a0\u00a0 25 Mio.\u20ac Umsatz<\/em><\/td>\n<td align=\"right\"><em>\u20ac<\/em><\/td>\n<td align=\"right\"><em>510,-<\/em><\/td>\n<td>\u00a0<\/td>\n<\/tr>\n<tr>\n<td>\u00a0<\/td>\n<td><em>\u00fcber\u00a025 Mio. \u20ac Umsatz<\/em><\/td>\n<td align=\"right\"><em>\u20ac<\/em><\/td>\n<td align=\"right\"><em>760,-<\/em><\/td>\n<td>\u00a0<\/td>\n<\/tr>\n<tr>\n<td>\u00a0<\/td>\n<td>\u00a0<\/td>\n<td align=\"right\">\u00a0<\/td>\n<td align=\"right\">\u00a0<\/td>\n<td>\u00a0<\/td>\n<\/tr>\n<tr>\n<td><em><strong>3.<\/strong><\/em><\/td>\n<td><em><strong>Wohnungsgenossenschaften<\/strong><\/em><\/td>\n<td align=\"right\">\u00a0<\/td>\n<td align=\"right\">\u00a0<\/td>\n<td>\u00a0<\/td>\n<\/tr>\n<tr>\n<td><em>&#8211;<\/em><\/td>\n<td><em>bis\u00a0\u00a0\u00a0\u00a0\u00a0 1.000 Wohnungen<\/em><\/td>\n<td align=\"right\"><em>\u20ac<\/em><\/td>\n<td align=\"right\"><em>250,-<\/em><\/td>\n<td>\u00a0<\/td>\n<\/tr>\n<tr>\n<td>\u00a0<\/td>\n<td><em>bis\u00a0\u00a0\u00a0\u00a0 2.500 Wohnungen<\/em><\/td>\n<td align=\"right\"><em>\u20ac<\/em><\/td>\n<td align=\"right\"><em>510,-<\/em><\/td>\n<td>\u00a0<\/td>\n<\/tr>\n<tr>\n<td>\u00a0<\/td>\n<td><em>bis\u00a0\u00a0\u00a0\u00a0 5.000 Wohnungen<\/em><\/td>\n<td align=\"right\"><em>\u20ac<\/em><\/td>\n<td><em>1.020,-<\/em><\/td>\n<td>\u00a0<\/td>\n<\/tr>\n<tr>\n<td>\u00a0<\/td>\n<td><em>\u00fcber\u00a0 5.000 Wohnungen<\/em><\/td>\n<td align=\"right\"><em>\u20ac<\/em><\/td>\n<td><em>1.530,-<\/em><\/td>\n<td>\u00a0<\/td>\n<\/tr>\n<tr>\n<td>\u00a0<\/td>\n<td>\u00a0<\/td>\n<td align=\"right\">\u00a0<\/td>\n<td>\u00a0<\/td>\n<td>\u00a0<\/td>\n<\/tr>\n<tr>\n<td><em><strong>4.<\/strong><\/em><\/td>\n<td><em><strong>Sonstige<\/strong><\/em><\/td>\n<td align=\"right\"><em>\u20ac<\/em><\/td>\n<td align=\"right\"><em>760,-<\/em><\/td>\n<td>\u00a0<\/td>\n<\/tr>\n<tr>\n<td>\u00a0<\/td>\n<td>\u00a0<\/td>\n<td align=\"right\">\u00a0<\/td>\n<td align=\"right\">\u00a0<\/td>\n<td>\u00a0<\/td>\n<\/tr>\n<tr>\n<td>\u00a0<\/td>\n<td>\u00a0<\/td>\n<td align=\"right\">\u00a0<\/td>\n<td align=\"right\">\u00a0<\/td>\n<td>\u00a0<\/td>\n<\/tr>\n<tr>\n<td>\u00a0<\/td>\n<td>\u00a0<\/td>\n<td align=\"right\">\u00a0<\/td>\n<td align=\"right\">\u00a0<\/td>\n<td>\u00a0<\/td>\n<\/tr>\n<tr>\n<td colspan=\"2\">\u00a0<\/td>\n<td align=\"right\">\u00a0<\/td>\n<td align=\"right\">\u00a0<\/td>\n<td>\u00a0<\/td>\n<\/tr>\n<tr>\n<td>\u00a0<\/td>\n<td>\u00a0<\/td>\n<td align=\"right\">\u00a0<\/td>\n<td align=\"right\">\u00a0<\/td>\n<td>\u00a0<\/td>\n<\/tr>\n<tr>\n<td>\u00a0<\/td>\n<td>\u00a0<\/td>\n<td align=\"right\">\u00a0<\/td>\n<td align=\"right\">\u00a0<\/td>\n<td>\u00a0<\/td>\n<\/tr>\n<\/tbody>\n<\/table>\n<p>F\u00fcr die Einstufung der Beitragsh\u00f6he juristischer Personen der Kategorien B:1. \u2013 B:3. ist der Stand zum letzten Bilanzstichtag vor Beitritt ma\u00dfgeblich. Sp\u00e4tere Anpassungen der Beitragsh\u00f6he aufgrund von Ver\u00e4nderungen bei den Bilanzwerten, Umsetzen bzw. bei Wohnungsgenossenschaften der Zahl der Wohnungen sind nur im gegenseitigen Einvernehmen zwischen dem Vorstand der F\u00f6rdergesellschaft und dem Mitglied m\u00f6glich.<\/p>\n<p>Der Vorstand darf mit Mitgliedern bzw. Mitgliedschaftsanw\u00e4rtern von der Beitragsordnung abweichende Mitgliedsbeitr\u00e4ge vereinbaren, sofern dies im begr\u00fcndeten Interesse der F\u00f6rdergesellschaft liegt.<\/p>\n<p><em>Stand April 2020<\/em><\/p>","protected":false},"excerpt":{"rendered":"<p>The Supporting Association is registered in Berlin as &#8220;Society for the Promotion of the Institute for Cooperative Studies at the [&hellip;]<\/p>\n","protected":false},"author":6,"featured_media":0,"parent":0,"menu_order":28,"comment_status":"closed","ping_status":"closed","template":"","meta":{"site-sidebar-layout":"default","site-content-layout":"","ast-site-content-layout":"default","site-content-style":"default","site-sidebar-style":"default","ast-global-header-display":"","ast-banner-title-visibility":"","ast-main-header-display":"","ast-hfb-above-header-display":"","ast-hfb-below-header-display":"","ast-hfb-mobile-header-display":"","site-post-title":"","ast-breadcrumbs-content":"","ast-featured-img":"","footer-sml-layout":"","ast-disable-related-posts":"","theme-transparent-header-meta":"","adv-header-id-meta":"","stick-header-meta":"","header-above-stick-meta":"","header-main-stick-meta":"","header-below-stick-meta":"","astra-migrate-meta-layouts":"default","ast-page-background-enabled":"default","ast-page-background-meta":{"desktop":{"background-color":"var(--ast-global-color-5)","background-image":"","background-repeat":"repeat","background-position":"center center","background-size":"auto","background-attachment":"scroll","background-type":"","background-media":"","overlay-type":"","overlay-color":"","overlay-opacity":"","overlay-gradient":""},"tablet":{"background-color":"","background-image":"","background-repeat":"repeat","background-position":"center center","background-size":"auto","background-attachment":"scroll","background-type":"","background-media":"","overlay-type":"","overlay-color":"","overlay-opacity":"","overlay-gradient":""},"mobile":{"background-color":"","background-image":"","background-repeat":"repeat","background-position":"center center","background-size":"auto","background-attachment":"scroll","background-type":"","background-media":"","overlay-type":"","overlay-color":"","overlay-opacity":"","overlay-gradient":""}},"ast-content-background-meta":{"desktop":{"background-color":"var(--ast-global-color-4)","background-image":"","background-repeat":"repeat","background-position":"center center","background-size":"auto","background-attachment":"scroll","background-type":"","background-media":"","overlay-type":"","overlay-color":"","overlay-opacity":"","overlay-gradient":""},"tablet":{"background-color":"var(--ast-global-color-4)","background-image":"","background-repeat":"repeat","background-position":"center center","background-size":"auto","background-attachment":"scroll","background-type":"","background-media":"","overlay-type":"","overlay-color":"","overlay-opacity":"","overlay-gradient":""},"mobile":{"background-color":"var(--ast-global-color-4)","background-image":"","background-repeat":"repeat","background-position":"center center","background-size":"auto","background-attachment":"scroll","background-type":"","background-media":"","overlay-type":"","overlay-color":"","overlay-opacity":"","overlay-gradient":""}},"footnotes":""},"class_list":["post-6252","page","type-page","status-publish","hentry"],"yoast_head":"<!-- This site is optimized with the Yoast SEO plugin v27.3 - https:\/\/yoast.com\/product\/yoast-seo-wordpress\/ -->\n<title>Supporting Association - Berlin Institute for Co-operative Studies<\/title>\n<meta name=\"robots\" content=\"index, follow, max-snippet:-1, max-image-preview:large, max-video-preview:-1\" \/>\n<link rel=\"canonical\" href=\"https:\/\/berlin-coopstudies.de\/de\/supporters\/\" \/>\n<meta property=\"og:locale\" content=\"de_DE\" \/>\n<meta property=\"og:type\" content=\"article\" \/>\n<meta property=\"og:title\" content=\"Supporting Association - Berlin Institute for Co-operative Studies\" \/>\n<meta property=\"og:description\" content=\"The Supporting Association is registered in Berlin as &#8220;Society for the Promotion of the Institute for Cooperative Studies at the [&hellip;]\" \/>\n<meta property=\"og:url\" content=\"https:\/\/berlin-coopstudies.de\/de\/supporters\/\" \/>\n<meta property=\"og:site_name\" content=\"Berlin Institute for Co-operative Studies\" \/>\n<meta property=\"article:modified_time\" content=\"2026-03-16T09:00:34+00:00\" \/>\n<meta name=\"twitter:card\" content=\"summary_large_image\" \/>\n<meta name=\"twitter:label1\" content=\"Gesch\u00e4tzte Lesezeit\" \/>\n\t<meta name=\"twitter:data1\" content=\"3\u00a0Minuten\" \/>\n<script type=\"application\/ld+json\" class=\"yoast-schema-graph\">{\"@context\":\"https:\\\/\\\/schema.org\",\"@graph\":[{\"@type\":\"WebPage\",\"@id\":\"https:\\\/\\\/berlin-coopstudies.de\\\/supporters\\\/\",\"url\":\"https:\\\/\\\/berlin-coopstudies.de\\\/supporters\\\/\",\"name\":\"Supporting Association - Berlin Institute for Co-operative Studies\",\"isPartOf\":{\"@id\":\"https:\\\/\\\/berlin-coopstudies.de\\\/#website\"},\"datePublished\":\"2020-05-14T15:13:01+00:00\",\"dateModified\":\"2026-03-16T09:00:34+00:00\",\"breadcrumb\":{\"@id\":\"https:\\\/\\\/berlin-coopstudies.de\\\/supporters\\\/#breadcrumb\"},\"inLanguage\":\"de\",\"potentialAction\":[{\"@type\":\"ReadAction\",\"target\":[\"https:\\\/\\\/berlin-coopstudies.de\\\/supporters\\\/\"]}]},{\"@type\":\"BreadcrumbList\",\"@id\":\"https:\\\/\\\/berlin-coopstudies.de\\\/supporters\\\/#breadcrumb\",\"itemListElement\":[{\"@type\":\"ListItem\",\"position\":1,\"name\":\"Home\",\"item\":\"https:\\\/\\\/berlin-coopstudies.de\\\/\"},{\"@type\":\"ListItem\",\"position\":2,\"name\":\"Supporting Association\"}]},{\"@type\":\"WebSite\",\"@id\":\"https:\\\/\\\/berlin-coopstudies.de\\\/#website\",\"url\":\"https:\\\/\\\/berlin-coopstudies.de\\\/\",\"name\":\"Berlin Institute for Co-operative Studies\",\"description\":\"\",\"publisher\":{\"@id\":\"https:\\\/\\\/berlin-coopstudies.de\\\/#organization\"},\"potentialAction\":[{\"@type\":\"SearchAction\",\"target\":{\"@type\":\"EntryPoint\",\"urlTemplate\":\"https:\\\/\\\/berlin-coopstudies.de\\\/?s={search_term_string}\"},\"query-input\":{\"@type\":\"PropertyValueSpecification\",\"valueRequired\":true,\"valueName\":\"search_term_string\"}}],\"inLanguage\":\"de\"},{\"@type\":\"Organization\",\"@id\":\"https:\\\/\\\/berlin-coopstudies.de\\\/#organization\",\"name\":\"Berlin Institute for Co-operative Studies\",\"url\":\"https:\\\/\\\/berlin-coopstudies.de\\\/\",\"logo\":{\"@type\":\"ImageObject\",\"inLanguage\":\"de\",\"@id\":\"https:\\\/\\\/berlin-coopstudies.de\\\/#\\\/schema\\\/logo\\\/image\\\/\",\"url\":\"https:\\\/\\\/berlin-coopstudies.de\\\/wp-content\\\/uploads\\\/2026\\\/03\\\/ifg_Bildmarke_ohne-Hintergrund.png\",\"contentUrl\":\"https:\\\/\\\/berlin-coopstudies.de\\\/wp-content\\\/uploads\\\/2026\\\/03\\\/ifg_Bildmarke_ohne-Hintergrund.png\",\"width\":272,\"height\":224,\"caption\":\"Berlin Institute for Co-operative Studies\"},\"image\":{\"@id\":\"https:\\\/\\\/berlin-coopstudies.de\\\/#\\\/schema\\\/logo\\\/image\\\/\"}}]}<\/script>\n<!-- \/ Yoast SEO plugin. -->","yoast_head_json":{"title":"Supporting Association - Berlin Institute for Co-operative Studies","robots":{"index":"index","follow":"follow","max-snippet":"max-snippet:-1","max-image-preview":"max-image-preview:large","max-video-preview":"max-video-preview:-1"},"canonical":"https:\/\/berlin-coopstudies.de\/de\/supporters\/","og_locale":"de_DE","og_type":"article","og_title":"Supporting Association - Berlin Institute for Co-operative Studies","og_description":"The Supporting Association is registered in Berlin as &#8220;Society for the Promotion of the Institute for Cooperative Studies at the [&hellip;]","og_url":"https:\/\/berlin-coopstudies.de\/de\/supporters\/","og_site_name":"Berlin Institute for Co-operative Studies","article_modified_time":"2026-03-16T09:00:34+00:00","twitter_card":"summary_large_image","twitter_misc":{"Gesch\u00e4tzte Lesezeit":"3\u00a0Minuten"},"schema":{"@context":"https:\/\/schema.org","@graph":[{"@type":"WebPage","@id":"https:\/\/berlin-coopstudies.de\/supporters\/","url":"https:\/\/berlin-coopstudies.de\/supporters\/","name":"Supporting Association - Berlin Institute for Co-operative Studies","isPartOf":{"@id":"https:\/\/berlin-coopstudies.de\/#website"},"datePublished":"2020-05-14T15:13:01+00:00","dateModified":"2026-03-16T09:00:34+00:00","breadcrumb":{"@id":"https:\/\/berlin-coopstudies.de\/supporters\/#breadcrumb"},"inLanguage":"de","potentialAction":[{"@type":"ReadAction","target":["https:\/\/berlin-coopstudies.de\/supporters\/"]}]},{"@type":"BreadcrumbList","@id":"https:\/\/berlin-coopstudies.de\/supporters\/#breadcrumb","itemListElement":[{"@type":"ListItem","position":1,"name":"Home","item":"https:\/\/berlin-coopstudies.de\/"},{"@type":"ListItem","position":2,"name":"Supporting Association"}]},{"@type":"WebSite","@id":"https:\/\/berlin-coopstudies.de\/#website","url":"https:\/\/berlin-coopstudies.de\/","name":"Institut f\u00fcr Genossenschaftswesen Berlin","description":"","publisher":{"@id":"https:\/\/berlin-coopstudies.de\/#organization"},"potentialAction":[{"@type":"SearchAction","target":{"@type":"EntryPoint","urlTemplate":"https:\/\/berlin-coopstudies.de\/?s={search_term_string}"},"query-input":{"@type":"PropertyValueSpecification","valueRequired":true,"valueName":"search_term_string"}}],"inLanguage":"de"},{"@type":"Organization","@id":"https:\/\/berlin-coopstudies.de\/#organization","name":"Institut f\u00fcr Genossenschaftswesen Berlin","url":"https:\/\/berlin-coopstudies.de\/","logo":{"@type":"ImageObject","inLanguage":"de","@id":"https:\/\/berlin-coopstudies.de\/#\/schema\/logo\/image\/","url":"https:\/\/berlin-coopstudies.de\/wp-content\/uploads\/2026\/03\/ifg_Bildmarke_ohne-Hintergrund.png","contentUrl":"https:\/\/berlin-coopstudies.de\/wp-content\/uploads\/2026\/03\/ifg_Bildmarke_ohne-Hintergrund.png","width":272,"height":224,"caption":"Berlin Institute for Co-operative Studies"},"image":{"@id":"https:\/\/berlin-coopstudies.de\/#\/schema\/logo\/image\/"}}]}},"jetpack_sharing_enabled":true,"_links":{"self":[{"href":"https:\/\/berlin-coopstudies.de\/de\/wp-json\/wp\/v2\/pages\/6252","targetHints":{"allow":["GET"]}}],"collection":[{"href":"https:\/\/berlin-coopstudies.de\/de\/wp-json\/wp\/v2\/pages"}],"about":[{"href":"https:\/\/berlin-coopstudies.de\/de\/wp-json\/wp\/v2\/types\/page"}],"author":[{"embeddable":true,"href":"https:\/\/berlin-coopstudies.de\/de\/wp-json\/wp\/v2\/users\/6"}],"replies":[{"embeddable":true,"href":"https:\/\/berlin-coopstudies.de\/de\/wp-json\/wp\/v2\/comments?post=6252"}],"version-history":[{"count":27,"href":"https:\/\/berlin-coopstudies.de\/de\/wp-json\/wp\/v2\/pages\/6252\/revisions"}],"predecessor-version":[{"id":7635,"href":"https:\/\/berlin-coopstudies.de\/de\/wp-json\/wp\/v2\/pages\/6252\/revisions\/7635"}],"wp:attachment":[{"href":"https:\/\/berlin-coopstudies.de\/de\/wp-json\/wp\/v2\/media?parent=6252"}],"curies":[{"name":"wp","href":"https:\/\/api.w.org\/{rel}","templated":true}]}}