{"id":6519,"date":"2021-01-21T13:56:28","date_gmt":"2021-01-21T13:56:28","guid":{"rendered":"https:\/\/berlin-coopstudies.de\/?page_id=6519"},"modified":"2026-03-23T18:29:40","modified_gmt":"2026-03-23T16:29:40","slug":"studies-and-expert-opinions-from-practice-to-practice","status":"publish","type":"page","link":"https:\/\/berlin-coopstudies.de\/de\/studies-and-expert-opinions-from-practice-to-practice\/","title":{"rendered":"Gutachten und Studien von und f\u00fcr genossenschaftliche Organisationen"},"content":{"rendered":"<div data-elementor-type=\"wp-page\" data-elementor-id=\"6519\" class=\"elementor elementor-6519\" data-elementor-post-type=\"page\">\n\t\t\t\t<div class=\"elementor-element elementor-element-15be15ca e-flex e-con-boxed e-con e-parent\" data-id=\"15be15ca\" data-element_type=\"container\" data-e-type=\"container\">\n\t\t\t\t\t<div class=\"e-con-inner\">\n\t\t\t\t<div class=\"elementor-element elementor-element-248e2009 elementor-widget elementor-widget-text-editor\" data-id=\"248e2009\" data-element_type=\"widget\" data-e-type=\"widget\" data-widget_type=\"text-editor.default\">\n\t\t\t\t\t\t\t\t\t\n<p>Gibt es technische Fragen, die Sie gerne unabh\u00e4ngig au\u00dferhalb Ihres Unternehmens analysiert und gekl\u00e4rt haben m\u00f6chten? Gibt es grunds\u00e4tzliche Fragen, f\u00fcr die keine Abteilung in Ihrem Unternehmen zust\u00e4ndig ist? M\u00f6chten Sie Ihre Mitarbeitenden an Erkenntnissen und Methoden aus dem universit\u00e4ren Bereich teilhaben lassen? \nDas Institut f\u00fcr Genossenschaftswesen und seine Mitglieder haben bereits zahlreiche Projektstudien, Gutachten und Stellungnahmen zu speziellen Fragen aus der genossenschaftlichen Praxis in Auftrag genommen.<\/p>\n\n<p>\u00a0<\/p>\n\t\t\t\t\t\t\t\t<\/div>\n\t\t\t\t\t<\/div>\n\t\t\t\t<\/div>\n\t\t\t\t<\/div>","protected":false},"excerpt":{"rendered":"<p>Are there technical questions you would like to have analyzed and clarified independently, outside your organization? Are there fundamental questions [&hellip;]<\/p>\n","protected":false},"author":6,"featured_media":0,"parent":0,"menu_order":15,"comment_status":"closed","ping_status":"closed","template":"","meta":{"site-sidebar-layout":"default","site-content-layout":"","ast-site-content-layout":"default","site-content-style":"default","site-sidebar-style":"default","ast-global-header-display":"","ast-banner-title-visibility":"","ast-main-header-display":"","ast-hfb-above-header-display":"","ast-hfb-below-header-display":"","ast-hfb-mobile-header-display":"","site-post-title":"","ast-breadcrumbs-content":"","ast-featured-img":"disabled","footer-sml-layout":"","ast-disable-related-posts":"","theme-transparent-header-meta":"default","adv-header-id-meta":"","stick-header-meta":"","header-above-stick-meta":"","header-main-stick-meta":"","header-below-stick-meta":"","astra-migrate-meta-layouts":"default","ast-page-background-enabled":"default","ast-page-background-meta":{"desktop":{"background-color":"var(--ast-global-color-5)","background-image":"","background-repeat":"repeat","background-position":"center center","background-size":"auto","background-attachment":"scroll","background-type":"","background-media":"","overlay-type":"","overlay-color":"","overlay-opacity":"","overlay-gradient":""},"tablet":{"background-color":"","background-image":"","background-repeat":"repeat","background-position":"center center","background-size":"auto","background-attachment":"scroll","background-type":"","background-media":"","overlay-type":"","overlay-color":"","overlay-opacity":"","overlay-gradient":""},"mobile":{"background-color":"","background-image":"","background-repeat":"repeat","background-position":"center center","background-size":"auto","background-attachment":"scroll","background-type":"","background-media":"","overlay-type":"","overlay-color":"","overlay-opacity":"","overlay-gradient":""}},"ast-content-background-meta":{"desktop":{"background-color":"var(--ast-global-color-4)","background-image":"","background-repeat":"repeat","background-position":"center center","background-size":"auto","background-attachment":"scroll","background-type":"","background-media":"","overlay-type":"","overlay-color":"","overlay-opacity":"","overlay-gradient":""},"tablet":{"background-color":"var(--ast-global-color-4)","background-image":"","background-repeat":"repeat","background-position":"center center","background-size":"auto","background-attachment":"scroll","background-type":"","background-media":"","overlay-type":"","overlay-color":"","overlay-opacity":"","overlay-gradient":""},"mobile":{"background-color":"var(--ast-global-color-4)","background-image":"","background-repeat":"repeat","background-position":"center center","background-size":"auto","background-attachment":"scroll","background-type":"","background-media":"","overlay-type":"","overlay-color":"","overlay-opacity":"","overlay-gradient":""}},"footnotes":""},"class_list":["post-6519","page","type-page","status-publish","hentry"],"yoast_head":"<!-- This site is optimized with the Yoast SEO plugin v27.3 - https:\/\/yoast.com\/product\/yoast-seo-wordpress\/ -->\n<title>Studies and Expert Opinions by and for Cooperative Organizations - Berlin Institute for Co-operative Studies<\/title>\n<meta name=\"robots\" content=\"index, follow, max-snippet:-1, max-image-preview:large, max-video-preview:-1\" \/>\n<link rel=\"canonical\" href=\"https:\/\/berlin-coopstudies.de\/de\/studies-and-expert-opinions-from-practice-to-practice\/\" \/>\n<meta property=\"og:locale\" content=\"de_DE\" \/>\n<meta property=\"og:type\" content=\"article\" \/>\n<meta property=\"og:title\" content=\"Studies and Expert Opinions by and for Cooperative Organizations - Berlin Institute for Co-operative Studies\" \/>\n<meta property=\"og:description\" content=\"Are there technical questions you would like to have analyzed and clarified independently, outside your organization? Are there fundamental questions [&hellip;]\" \/>\n<meta property=\"og:url\" content=\"https:\/\/berlin-coopstudies.de\/de\/studies-and-expert-opinions-from-practice-to-practice\/\" \/>\n<meta property=\"og:site_name\" content=\"Berlin Institute for Co-operative Studies\" \/>\n<meta property=\"article:modified_time\" content=\"2026-03-23T16:29:40+00:00\" \/>\n<meta name=\"twitter:card\" content=\"summary_large_image\" \/>\n<meta name=\"twitter:label1\" content=\"Gesch\u00e4tzte Lesezeit\" \/>\n\t<meta name=\"twitter:data1\" content=\"1\u00a0Minute\" \/>\n<script type=\"application\/ld+json\" class=\"yoast-schema-graph\">{\"@context\":\"https:\\\/\\\/schema.org\",\"@graph\":[{\"@type\":\"WebPage\",\"@id\":\"https:\\\/\\\/berlin-coopstudies.de\\\/studies-and-expert-opinions-from-practice-to-practice\\\/\",\"url\":\"https:\\\/\\\/berlin-coopstudies.de\\\/studies-and-expert-opinions-from-practice-to-practice\\\/\",\"name\":\"Studies and Expert Opinions by and for Cooperative Organizations - Berlin Institute for Co-operative Studies\",\"isPartOf\":{\"@id\":\"https:\\\/\\\/berlin-coopstudies.de\\\/#website\"},\"datePublished\":\"2021-01-21T13:56:28+00:00\",\"dateModified\":\"2026-03-23T16:29:40+00:00\",\"breadcrumb\":{\"@id\":\"https:\\\/\\\/berlin-coopstudies.de\\\/studies-and-expert-opinions-from-practice-to-practice\\\/#breadcrumb\"},\"inLanguage\":\"de\",\"potentialAction\":[{\"@type\":\"ReadAction\",\"target\":[\"https:\\\/\\\/berlin-coopstudies.de\\\/studies-and-expert-opinions-from-practice-to-practice\\\/\"]}]},{\"@type\":\"BreadcrumbList\",\"@id\":\"https:\\\/\\\/berlin-coopstudies.de\\\/studies-and-expert-opinions-from-practice-to-practice\\\/#breadcrumb\",\"itemListElement\":[{\"@type\":\"ListItem\",\"position\":1,\"name\":\"Home\",\"item\":\"https:\\\/\\\/berlin-coopstudies.de\\\/\"},{\"@type\":\"ListItem\",\"position\":2,\"name\":\"Studies and Expert Opinions by and for Cooperative Organizations\"}]},{\"@type\":\"WebSite\",\"@id\":\"https:\\\/\\\/berlin-coopstudies.de\\\/#website\",\"url\":\"https:\\\/\\\/berlin-coopstudies.de\\\/\",\"name\":\"Berlin Institute for Co-operative Studies\",\"description\":\"\",\"publisher\":{\"@id\":\"https:\\\/\\\/berlin-coopstudies.de\\\/#organization\"},\"potentialAction\":[{\"@type\":\"SearchAction\",\"target\":{\"@type\":\"EntryPoint\",\"urlTemplate\":\"https:\\\/\\\/berlin-coopstudies.de\\\/?s={search_term_string}\"},\"query-input\":{\"@type\":\"PropertyValueSpecification\",\"valueRequired\":true,\"valueName\":\"search_term_string\"}}],\"inLanguage\":\"de\"},{\"@type\":\"Organization\",\"@id\":\"https:\\\/\\\/berlin-coopstudies.de\\\/#organization\",\"name\":\"Berlin Institute for Co-operative Studies\",\"url\":\"https:\\\/\\\/berlin-coopstudies.de\\\/\",\"logo\":{\"@type\":\"ImageObject\",\"inLanguage\":\"de\",\"@id\":\"https:\\\/\\\/berlin-coopstudies.de\\\/#\\\/schema\\\/logo\\\/image\\\/\",\"url\":\"https:\\\/\\\/berlin-coopstudies.de\\\/wp-content\\\/uploads\\\/2026\\\/03\\\/ifg_Bildmarke_ohne-Hintergrund.png\",\"contentUrl\":\"https:\\\/\\\/berlin-coopstudies.de\\\/wp-content\\\/uploads\\\/2026\\\/03\\\/ifg_Bildmarke_ohne-Hintergrund.png\",\"width\":272,\"height\":224,\"caption\":\"Berlin Institute for Co-operative Studies\"},\"image\":{\"@id\":\"https:\\\/\\\/berlin-coopstudies.de\\\/#\\\/schema\\\/logo\\\/image\\\/\"}}]}<\/script>\n<!-- \/ Yoast SEO plugin. -->","yoast_head_json":{"title":"Studies and Expert Opinions by and for Cooperative Organizations - Berlin Institute for Co-operative Studies","robots":{"index":"index","follow":"follow","max-snippet":"max-snippet:-1","max-image-preview":"max-image-preview:large","max-video-preview":"max-video-preview:-1"},"canonical":"https:\/\/berlin-coopstudies.de\/de\/studies-and-expert-opinions-from-practice-to-practice\/","og_locale":"de_DE","og_type":"article","og_title":"Studies and Expert Opinions by and for Cooperative Organizations - Berlin Institute for Co-operative Studies","og_description":"Are there technical questions you would like to have analyzed and clarified independently, outside your organization? Are there fundamental questions [&hellip;]","og_url":"https:\/\/berlin-coopstudies.de\/de\/studies-and-expert-opinions-from-practice-to-practice\/","og_site_name":"Berlin Institute for Co-operative Studies","article_modified_time":"2026-03-23T16:29:40+00:00","twitter_card":"summary_large_image","twitter_misc":{"Gesch\u00e4tzte Lesezeit":"1\u00a0Minute"},"schema":{"@context":"https:\/\/schema.org","@graph":[{"@type":"WebPage","@id":"https:\/\/berlin-coopstudies.de\/studies-and-expert-opinions-from-practice-to-practice\/","url":"https:\/\/berlin-coopstudies.de\/studies-and-expert-opinions-from-practice-to-practice\/","name":"Studies and Expert Opinions by and for Cooperative Organizations - Berlin Institute for Co-operative Studies","isPartOf":{"@id":"https:\/\/berlin-coopstudies.de\/#website"},"datePublished":"2021-01-21T13:56:28+00:00","dateModified":"2026-03-23T16:29:40+00:00","breadcrumb":{"@id":"https:\/\/berlin-coopstudies.de\/studies-and-expert-opinions-from-practice-to-practice\/#breadcrumb"},"inLanguage":"de","potentialAction":[{"@type":"ReadAction","target":["https:\/\/berlin-coopstudies.de\/studies-and-expert-opinions-from-practice-to-practice\/"]}]},{"@type":"BreadcrumbList","@id":"https:\/\/berlin-coopstudies.de\/studies-and-expert-opinions-from-practice-to-practice\/#breadcrumb","itemListElement":[{"@type":"ListItem","position":1,"name":"Home","item":"https:\/\/berlin-coopstudies.de\/"},{"@type":"ListItem","position":2,"name":"Studies and Expert Opinions by and for Cooperative Organizations"}]},{"@type":"WebSite","@id":"https:\/\/berlin-coopstudies.de\/#website","url":"https:\/\/berlin-coopstudies.de\/","name":"Institut f\u00fcr Genossenschaftswesen Berlin","description":"","publisher":{"@id":"https:\/\/berlin-coopstudies.de\/#organization"},"potentialAction":[{"@type":"SearchAction","target":{"@type":"EntryPoint","urlTemplate":"https:\/\/berlin-coopstudies.de\/?s={search_term_string}"},"query-input":{"@type":"PropertyValueSpecification","valueRequired":true,"valueName":"search_term_string"}}],"inLanguage":"de"},{"@type":"Organization","@id":"https:\/\/berlin-coopstudies.de\/#organization","name":"Institut f\u00fcr Genossenschaftswesen Berlin","url":"https:\/\/berlin-coopstudies.de\/","logo":{"@type":"ImageObject","inLanguage":"de","@id":"https:\/\/berlin-coopstudies.de\/#\/schema\/logo\/image\/","url":"https:\/\/berlin-coopstudies.de\/wp-content\/uploads\/2026\/03\/ifg_Bildmarke_ohne-Hintergrund.png","contentUrl":"https:\/\/berlin-coopstudies.de\/wp-content\/uploads\/2026\/03\/ifg_Bildmarke_ohne-Hintergrund.png","width":272,"height":224,"caption":"Berlin Institute for Co-operative Studies"},"image":{"@id":"https:\/\/berlin-coopstudies.de\/#\/schema\/logo\/image\/"}}]}},"jetpack_sharing_enabled":true,"_links":{"self":[{"href":"https:\/\/berlin-coopstudies.de\/de\/wp-json\/wp\/v2\/pages\/6519","targetHints":{"allow":["GET"]}}],"collection":[{"href":"https:\/\/berlin-coopstudies.de\/de\/wp-json\/wp\/v2\/pages"}],"about":[{"href":"https:\/\/berlin-coopstudies.de\/de\/wp-json\/wp\/v2\/types\/page"}],"author":[{"embeddable":true,"href":"https:\/\/berlin-coopstudies.de\/de\/wp-json\/wp\/v2\/users\/6"}],"replies":[{"embeddable":true,"href":"https:\/\/berlin-coopstudies.de\/de\/wp-json\/wp\/v2\/comments?post=6519"}],"version-history":[{"count":18,"href":"https:\/\/berlin-coopstudies.de\/de\/wp-json\/wp\/v2\/pages\/6519\/revisions"}],"predecessor-version":[{"id":7767,"href":"https:\/\/berlin-coopstudies.de\/de\/wp-json\/wp\/v2\/pages\/6519\/revisions\/7767"}],"wp:attachment":[{"href":"https:\/\/berlin-coopstudies.de\/de\/wp-json\/wp\/v2\/media?parent=6519"}],"curies":[{"name":"wp","href":"https:\/\/api.w.org\/{rel}","templated":true}]}}