{"id":6521,"date":"2021-01-21T14:03:46","date_gmt":"2021-01-21T14:03:46","guid":{"rendered":"https:\/\/berlin-coopstudies.de\/?page_id=6521"},"modified":"2026-03-19T14:20:48","modified_gmt":"2026-03-19T12:20:48","slug":"international-delegations-key-speakers","status":"publish","type":"page","link":"https:\/\/berlin-coopstudies.de\/de\/international-delegations-key-speakers\/","title":{"rendered":"Ansprechpartner f\u00fcr internationale Delegationen"},"content":{"rendered":"<p>Haben Sie wichtige Gesch\u00e4ftspartner mit Forschungsinteressen im Ausland? Bekommen Sie Besuch von einer Delegation? Suchen Sie eine Verbindung zu internationalen Organisationen im Bereich der Genossenschaften? Suchen Sie einen professionellen Kontakt zu einer Universit\u00e4t?<\/p>\n<p>Das IfG ist der Ansprechpartner f\u00fcr ausl\u00e4ndische Hochschuleinrichtungen, Fachorganisationen und politische Gremien, die Fragen zum deutschen Genossenschaftswesen haben. Das Institut kann deutschlandweit internationale Fachdelegationen begleiten sowie Forschungskooperationen, Konsultationen und Projektvereinbarungen vermitteln.\nDie Mitglieder des Instituts sind sachkundige Interviewpartner*innen bzw. Begleiter*innen f\u00fcr ausl\u00e4ndische G\u00e4ste, die das deutsche Genossenschaftswesen kennenlernen m\u00f6chten.<\/p>","protected":false},"excerpt":{"rendered":"<p>Do you have important business partners abroad with research interests? Are you getting a visit from a delegation? Are you [&hellip;]<\/p>\n","protected":false},"author":6,"featured_media":0,"parent":0,"menu_order":14,"comment_status":"closed","ping_status":"closed","template":"","meta":{"site-sidebar-layout":"default","site-content-layout":"","ast-site-content-layout":"default","site-content-style":"default","site-sidebar-style":"default","ast-global-header-display":"","ast-banner-title-visibility":"","ast-main-header-display":"","ast-hfb-above-header-display":"","ast-hfb-below-header-display":"","ast-hfb-mobile-header-display":"","site-post-title":"","ast-breadcrumbs-content":"","ast-featured-img":"","footer-sml-layout":"","ast-disable-related-posts":"","theme-transparent-header-meta":"","adv-header-id-meta":"","stick-header-meta":"","header-above-stick-meta":"","header-main-stick-meta":"","header-below-stick-meta":"","astra-migrate-meta-layouts":"default","ast-page-background-enabled":"default","ast-page-background-meta":{"desktop":{"background-color":"var(--ast-global-color-5)","background-image":"","background-repeat":"repeat","background-position":"center center","background-size":"auto","background-attachment":"scroll","background-type":"","background-media":"","overlay-type":"","overlay-color":"","overlay-opacity":"","overlay-gradient":""},"tablet":{"background-color":"","background-image":"","background-repeat":"repeat","background-position":"center center","background-size":"auto","background-attachment":"scroll","background-type":"","background-media":"","overlay-type":"","overlay-color":"","overlay-opacity":"","overlay-gradient":""},"mobile":{"background-color":"","background-image":"","background-repeat":"repeat","background-position":"center center","background-size":"auto","background-attachment":"scroll","background-type":"","background-media":"","overlay-type":"","overlay-color":"","overlay-opacity":"","overlay-gradient":""}},"ast-content-background-meta":{"desktop":{"background-color":"var(--ast-global-color-4)","background-image":"","background-repeat":"repeat","background-position":"center center","background-size":"auto","background-attachment":"scroll","background-type":"","background-media":"","overlay-type":"","overlay-color":"","overlay-opacity":"","overlay-gradient":""},"tablet":{"background-color":"var(--ast-global-color-4)","background-image":"","background-repeat":"repeat","background-position":"center center","background-size":"auto","background-attachment":"scroll","background-type":"","background-media":"","overlay-type":"","overlay-color":"","overlay-opacity":"","overlay-gradient":""},"mobile":{"background-color":"var(--ast-global-color-4)","background-image":"","background-repeat":"repeat","background-position":"center center","background-size":"auto","background-attachment":"scroll","background-type":"","background-media":"","overlay-type":"","overlay-color":"","overlay-opacity":"","overlay-gradient":""}},"footnotes":""},"class_list":["post-6521","page","type-page","status-publish","hentry"],"yoast_head":"<!-- This site is optimized with the Yoast SEO plugin v27.4 - https:\/\/yoast.com\/product\/yoast-seo-wordpress\/ -->\n<title>Contact Persons for International Delegations - Berlin Institute for Co-operative Studies<\/title>\n<meta name=\"robots\" content=\"index, follow, max-snippet:-1, max-image-preview:large, max-video-preview:-1\" \/>\n<link rel=\"canonical\" href=\"https:\/\/berlin-coopstudies.de\/de\/international-delegations-key-speakers\/\" \/>\n<meta property=\"og:locale\" content=\"de_DE\" \/>\n<meta property=\"og:type\" content=\"article\" \/>\n<meta property=\"og:title\" content=\"Contact Persons for International Delegations - Berlin Institute for Co-operative Studies\" \/>\n<meta property=\"og:description\" content=\"Do you have important business partners abroad with research interests? Are you getting a visit from a delegation? Are you [&hellip;]\" \/>\n<meta property=\"og:url\" content=\"https:\/\/berlin-coopstudies.de\/de\/international-delegations-key-speakers\/\" \/>\n<meta property=\"og:site_name\" content=\"Berlin Institute for Co-operative Studies\" \/>\n<meta property=\"article:modified_time\" content=\"2026-03-19T12:20:48+00:00\" \/>\n<meta name=\"twitter:card\" content=\"summary_large_image\" \/>\n<meta name=\"twitter:label1\" content=\"Gesch\u00e4tzte Lesezeit\" \/>\n\t<meta name=\"twitter:data1\" content=\"1\u00a0Minute\" \/>\n<script type=\"application\/ld+json\" class=\"yoast-schema-graph\">{\"@context\":\"https:\\\/\\\/schema.org\",\"@graph\":[{\"@type\":\"WebPage\",\"@id\":\"https:\\\/\\\/berlin-coopstudies.de\\\/international-delegations-key-speakers\\\/\",\"url\":\"https:\\\/\\\/berlin-coopstudies.de\\\/international-delegations-key-speakers\\\/\",\"name\":\"Contact Persons for International Delegations - Berlin Institute for Co-operative Studies\",\"isPartOf\":{\"@id\":\"https:\\\/\\\/berlin-coopstudies.de\\\/#website\"},\"datePublished\":\"2021-01-21T14:03:46+00:00\",\"dateModified\":\"2026-03-19T12:20:48+00:00\",\"breadcrumb\":{\"@id\":\"https:\\\/\\\/berlin-coopstudies.de\\\/international-delegations-key-speakers\\\/#breadcrumb\"},\"inLanguage\":\"de\",\"potentialAction\":[{\"@type\":\"ReadAction\",\"target\":[\"https:\\\/\\\/berlin-coopstudies.de\\\/international-delegations-key-speakers\\\/\"]}]},{\"@type\":\"BreadcrumbList\",\"@id\":\"https:\\\/\\\/berlin-coopstudies.de\\\/international-delegations-key-speakers\\\/#breadcrumb\",\"itemListElement\":[{\"@type\":\"ListItem\",\"position\":1,\"name\":\"Home\",\"item\":\"https:\\\/\\\/berlin-coopstudies.de\\\/\"},{\"@type\":\"ListItem\",\"position\":2,\"name\":\"Contact Persons for International Delegations\"}]},{\"@type\":\"WebSite\",\"@id\":\"https:\\\/\\\/berlin-coopstudies.de\\\/#website\",\"url\":\"https:\\\/\\\/berlin-coopstudies.de\\\/\",\"name\":\"Berlin Institute for Co-operative Studies\",\"description\":\"\",\"publisher\":{\"@id\":\"https:\\\/\\\/berlin-coopstudies.de\\\/#organization\"},\"potentialAction\":[{\"@type\":\"SearchAction\",\"target\":{\"@type\":\"EntryPoint\",\"urlTemplate\":\"https:\\\/\\\/berlin-coopstudies.de\\\/?s={search_term_string}\"},\"query-input\":{\"@type\":\"PropertyValueSpecification\",\"valueRequired\":true,\"valueName\":\"search_term_string\"}}],\"inLanguage\":\"de\"},{\"@type\":\"Organization\",\"@id\":\"https:\\\/\\\/berlin-coopstudies.de\\\/#organization\",\"name\":\"Berlin Institute for Co-operative Studies\",\"url\":\"https:\\\/\\\/berlin-coopstudies.de\\\/\",\"logo\":{\"@type\":\"ImageObject\",\"inLanguage\":\"de\",\"@id\":\"https:\\\/\\\/berlin-coopstudies.de\\\/#\\\/schema\\\/logo\\\/image\\\/\",\"url\":\"https:\\\/\\\/berlin-coopstudies.de\\\/wp-content\\\/uploads\\\/2026\\\/03\\\/ifg_Bildmarke_ohne-Hintergrund.png\",\"contentUrl\":\"https:\\\/\\\/berlin-coopstudies.de\\\/wp-content\\\/uploads\\\/2026\\\/03\\\/ifg_Bildmarke_ohne-Hintergrund.png\",\"width\":272,\"height\":224,\"caption\":\"Berlin Institute for Co-operative Studies\"},\"image\":{\"@id\":\"https:\\\/\\\/berlin-coopstudies.de\\\/#\\\/schema\\\/logo\\\/image\\\/\"}}]}<\/script>\n<!-- \/ Yoast SEO plugin. -->","yoast_head_json":{"title":"Contact Persons for International Delegations - Berlin Institute for Co-operative Studies","robots":{"index":"index","follow":"follow","max-snippet":"max-snippet:-1","max-image-preview":"max-image-preview:large","max-video-preview":"max-video-preview:-1"},"canonical":"https:\/\/berlin-coopstudies.de\/de\/international-delegations-key-speakers\/","og_locale":"de_DE","og_type":"article","og_title":"Contact Persons for International Delegations - Berlin Institute for Co-operative Studies","og_description":"Do you have important business partners abroad with research interests? Are you getting a visit from a delegation? Are you [&hellip;]","og_url":"https:\/\/berlin-coopstudies.de\/de\/international-delegations-key-speakers\/","og_site_name":"Berlin Institute for Co-operative Studies","article_modified_time":"2026-03-19T12:20:48+00:00","twitter_card":"summary_large_image","twitter_misc":{"Gesch\u00e4tzte Lesezeit":"1\u00a0Minute"},"schema":{"@context":"https:\/\/schema.org","@graph":[{"@type":"WebPage","@id":"https:\/\/berlin-coopstudies.de\/international-delegations-key-speakers\/","url":"https:\/\/berlin-coopstudies.de\/international-delegations-key-speakers\/","name":"Contact Persons for International Delegations - Berlin Institute for Co-operative Studies","isPartOf":{"@id":"https:\/\/berlin-coopstudies.de\/#website"},"datePublished":"2021-01-21T14:03:46+00:00","dateModified":"2026-03-19T12:20:48+00:00","breadcrumb":{"@id":"https:\/\/berlin-coopstudies.de\/international-delegations-key-speakers\/#breadcrumb"},"inLanguage":"de","potentialAction":[{"@type":"ReadAction","target":["https:\/\/berlin-coopstudies.de\/international-delegations-key-speakers\/"]}]},{"@type":"BreadcrumbList","@id":"https:\/\/berlin-coopstudies.de\/international-delegations-key-speakers\/#breadcrumb","itemListElement":[{"@type":"ListItem","position":1,"name":"Home","item":"https:\/\/berlin-coopstudies.de\/"},{"@type":"ListItem","position":2,"name":"Contact Persons for International Delegations"}]},{"@type":"WebSite","@id":"https:\/\/berlin-coopstudies.de\/#website","url":"https:\/\/berlin-coopstudies.de\/","name":"Institut f\u00fcr Genossenschaftswesen Berlin","description":"","publisher":{"@id":"https:\/\/berlin-coopstudies.de\/#organization"},"potentialAction":[{"@type":"SearchAction","target":{"@type":"EntryPoint","urlTemplate":"https:\/\/berlin-coopstudies.de\/?s={search_term_string}"},"query-input":{"@type":"PropertyValueSpecification","valueRequired":true,"valueName":"search_term_string"}}],"inLanguage":"de"},{"@type":"Organization","@id":"https:\/\/berlin-coopstudies.de\/#organization","name":"Institut f\u00fcr Genossenschaftswesen Berlin","url":"https:\/\/berlin-coopstudies.de\/","logo":{"@type":"ImageObject","inLanguage":"de","@id":"https:\/\/berlin-coopstudies.de\/#\/schema\/logo\/image\/","url":"https:\/\/berlin-coopstudies.de\/wp-content\/uploads\/2026\/03\/ifg_Bildmarke_ohne-Hintergrund.png","contentUrl":"https:\/\/berlin-coopstudies.de\/wp-content\/uploads\/2026\/03\/ifg_Bildmarke_ohne-Hintergrund.png","width":272,"height":224,"caption":"Berlin Institute for Co-operative Studies"},"image":{"@id":"https:\/\/berlin-coopstudies.de\/#\/schema\/logo\/image\/"}}]}},"jetpack_sharing_enabled":true,"_links":{"self":[{"href":"https:\/\/berlin-coopstudies.de\/de\/wp-json\/wp\/v2\/pages\/6521","targetHints":{"allow":["GET"]}}],"collection":[{"href":"https:\/\/berlin-coopstudies.de\/de\/wp-json\/wp\/v2\/pages"}],"about":[{"href":"https:\/\/berlin-coopstudies.de\/de\/wp-json\/wp\/v2\/types\/page"}],"author":[{"embeddable":true,"href":"https:\/\/berlin-coopstudies.de\/de\/wp-json\/wp\/v2\/users\/6"}],"replies":[{"embeddable":true,"href":"https:\/\/berlin-coopstudies.de\/de\/wp-json\/wp\/v2\/comments?post=6521"}],"version-history":[{"count":5,"href":"https:\/\/berlin-coopstudies.de\/de\/wp-json\/wp\/v2\/pages\/6521\/revisions"}],"predecessor-version":[{"id":7735,"href":"https:\/\/berlin-coopstudies.de\/de\/wp-json\/wp\/v2\/pages\/6521\/revisions\/7735"}],"wp:attachment":[{"href":"https:\/\/berlin-coopstudies.de\/de\/wp-json\/wp\/v2\/media?parent=6521"}],"curies":[{"name":"wp","href":"https:\/\/api.w.org\/{rel}","templated":true}]}}