{"id":6523,"date":"2021-01-21T14:26:50","date_gmt":"2021-01-21T14:26:50","guid":{"rendered":"https:\/\/berlin-coopstudies.de\/?page_id=6523"},"modified":"2026-03-19T14:22:39","modified_gmt":"2026-03-19T12:22:39","slug":"library","status":"publish","type":"page","link":"https:\/\/berlin-coopstudies.de\/de\/library\/","title":{"rendered":"Library"},"content":{"rendered":"<p>Das Institut f\u00fcr Genossenschaftswesen an der Humboldt-Universit\u00e4t zu Berlin verf\u00fcgt \u00fcber eine Fachbibliothek mit einem Bestand von mehr als 4000 B\u00fcchern. \nDie Bibliothek ist nicht \u00f6ffentlich. Bitte nutzen Sie das Kontaktformular f\u00fcr eine Ausleihanfrage.<\/p>\n<p><!-- \/wp:post-content --><\/p>\n\n<!-- wp:image {\"id\":6669,\"width\":843,\"height\":613,\"sizeSlug\":\"large\",\"linkDestination\":\"none\"} -->\n<\/p>\r\n<figure class=\"wp-block-image size-large is-resized\"><img fetchpriority=\"high\" decoding=\"async\" class=\"wp-image-6669\" src=\"https:\/\/berlin-coopstudies.de\/wp-content\/uploads\/2021\/11\/fafe3923-0a54-4ea6-8b65-136b70223e3f.jpeg\" alt=\"\" width=\"843\" height=\"613\" srcset=\"https:\/\/berlin-coopstudies.de\/wp-content\/uploads\/2021\/11\/fafe3923-0a54-4ea6-8b65-136b70223e3f.jpeg 400w, https:\/\/berlin-coopstudies.de\/wp-content\/uploads\/2021\/11\/fafe3923-0a54-4ea6-8b65-136b70223e3f-300x218.jpeg 300w, https:\/\/berlin-coopstudies.de\/wp-content\/uploads\/2021\/11\/fafe3923-0a54-4ea6-8b65-136b70223e3f-16x12.jpeg 16w\" sizes=\"(max-width: 843px) 100vw, 843px\" \/><\/figure>\n<!-- \/wp:image -->","protected":false},"excerpt":{"rendered":"<p>The Institute for Cooperative Studies at the Humboldt University of Berlin has a library with a stock of more than [&hellip;]<\/p>\n","protected":false},"author":6,"featured_media":0,"parent":0,"menu_order":13,"comment_status":"closed","ping_status":"closed","template":"","meta":{"site-sidebar-layout":"default","site-content-layout":"","ast-site-content-layout":"default","site-content-style":"default","site-sidebar-style":"default","ast-global-header-display":"","ast-banner-title-visibility":"","ast-main-header-display":"","ast-hfb-above-header-display":"","ast-hfb-below-header-display":"","ast-hfb-mobile-header-display":"","site-post-title":"","ast-breadcrumbs-content":"","ast-featured-img":"","footer-sml-layout":"","ast-disable-related-posts":"","theme-transparent-header-meta":"","adv-header-id-meta":"","stick-header-meta":"","header-above-stick-meta":"","header-main-stick-meta":"","header-below-stick-meta":"","astra-migrate-meta-layouts":"default","ast-page-background-enabled":"default","ast-page-background-meta":{"desktop":{"background-color":"var(--ast-global-color-5)","background-image":"","background-repeat":"repeat","background-position":"center center","background-size":"auto","background-attachment":"scroll","background-type":"","background-media":"","overlay-type":"","overlay-color":"","overlay-opacity":"","overlay-gradient":""},"tablet":{"background-color":"","background-image":"","background-repeat":"repeat","background-position":"center center","background-size":"auto","background-attachment":"scroll","background-type":"","background-media":"","overlay-type":"","overlay-color":"","overlay-opacity":"","overlay-gradient":""},"mobile":{"background-color":"","background-image":"","background-repeat":"repeat","background-position":"center center","background-size":"auto","background-attachment":"scroll","background-type":"","background-media":"","overlay-type":"","overlay-color":"","overlay-opacity":"","overlay-gradient":""}},"ast-content-background-meta":{"desktop":{"background-color":"var(--ast-global-color-4)","background-image":"","background-repeat":"repeat","background-position":"center center","background-size":"auto","background-attachment":"scroll","background-type":"","background-media":"","overlay-type":"","overlay-color":"","overlay-opacity":"","overlay-gradient":""},"tablet":{"background-color":"var(--ast-global-color-4)","background-image":"","background-repeat":"repeat","background-position":"center center","background-size":"auto","background-attachment":"scroll","background-type":"","background-media":"","overlay-type":"","overlay-color":"","overlay-opacity":"","overlay-gradient":""},"mobile":{"background-color":"var(--ast-global-color-4)","background-image":"","background-repeat":"repeat","background-position":"center center","background-size":"auto","background-attachment":"scroll","background-type":"","background-media":"","overlay-type":"","overlay-color":"","overlay-opacity":"","overlay-gradient":""}},"footnotes":""},"class_list":["post-6523","page","type-page","status-publish","hentry"],"yoast_head":"<!-- This site is optimized with the Yoast SEO plugin v27.3 - https:\/\/yoast.com\/product\/yoast-seo-wordpress\/ -->\n<title>Library - Berlin Institute for Co-operative Studies<\/title>\n<meta name=\"robots\" content=\"index, follow, max-snippet:-1, max-image-preview:large, max-video-preview:-1\" \/>\n<link rel=\"canonical\" href=\"https:\/\/berlin-coopstudies.de\/de\/library\/\" \/>\n<meta property=\"og:locale\" content=\"de_DE\" \/>\n<meta property=\"og:type\" content=\"article\" \/>\n<meta property=\"og:title\" content=\"Library - Berlin Institute for Co-operative Studies\" \/>\n<meta property=\"og:description\" content=\"The Institute for Cooperative Studies at the Humboldt University of Berlin has a library with a stock of more than [&hellip;]\" \/>\n<meta property=\"og:url\" content=\"https:\/\/berlin-coopstudies.de\/de\/library\/\" \/>\n<meta property=\"og:site_name\" content=\"Berlin Institute for Co-operative Studies\" \/>\n<meta property=\"article:modified_time\" content=\"2026-03-19T12:22:39+00:00\" \/>\n<meta property=\"og:image\" content=\"https:\/\/berlin-coopstudies.de\/wp-content\/uploads\/2021\/11\/fafe3923-0a54-4ea6-8b65-136b70223e3f.jpeg\" \/>\n\t<meta property=\"og:image:width\" content=\"400\" \/>\n\t<meta property=\"og:image:height\" content=\"291\" \/>\n\t<meta property=\"og:image:type\" content=\"image\/jpeg\" \/>\n<meta name=\"twitter:card\" content=\"summary_large_image\" \/>\n<meta name=\"twitter:label1\" content=\"Gesch\u00e4tzte Lesezeit\" \/>\n\t<meta name=\"twitter:data1\" content=\"1\u00a0Minute\" \/>\n<script type=\"application\/ld+json\" class=\"yoast-schema-graph\">{\"@context\":\"https:\\\/\\\/schema.org\",\"@graph\":[{\"@type\":\"WebPage\",\"@id\":\"https:\\\/\\\/berlin-coopstudies.de\\\/library\\\/\",\"url\":\"https:\\\/\\\/berlin-coopstudies.de\\\/library\\\/\",\"name\":\"Library - Berlin Institute for Co-operative Studies\",\"isPartOf\":{\"@id\":\"https:\\\/\\\/berlin-coopstudies.de\\\/#website\"},\"primaryImageOfPage\":{\"@id\":\"https:\\\/\\\/berlin-coopstudies.de\\\/library\\\/#primaryimage\"},\"image\":{\"@id\":\"https:\\\/\\\/berlin-coopstudies.de\\\/library\\\/#primaryimage\"},\"thumbnailUrl\":\"https:\\\/\\\/berlin-coopstudies.de\\\/wp-content\\\/uploads\\\/2021\\\/11\\\/fafe3923-0a54-4ea6-8b65-136b70223e3f.jpeg\",\"datePublished\":\"2021-01-21T14:26:50+00:00\",\"dateModified\":\"2026-03-19T12:22:39+00:00\",\"breadcrumb\":{\"@id\":\"https:\\\/\\\/berlin-coopstudies.de\\\/library\\\/#breadcrumb\"},\"inLanguage\":\"de\",\"potentialAction\":[{\"@type\":\"ReadAction\",\"target\":[\"https:\\\/\\\/berlin-coopstudies.de\\\/library\\\/\"]}]},{\"@type\":\"ImageObject\",\"inLanguage\":\"de\",\"@id\":\"https:\\\/\\\/berlin-coopstudies.de\\\/library\\\/#primaryimage\",\"url\":\"https:\\\/\\\/berlin-coopstudies.de\\\/wp-content\\\/uploads\\\/2021\\\/11\\\/fafe3923-0a54-4ea6-8b65-136b70223e3f.jpeg\",\"contentUrl\":\"https:\\\/\\\/berlin-coopstudies.de\\\/wp-content\\\/uploads\\\/2021\\\/11\\\/fafe3923-0a54-4ea6-8b65-136b70223e3f.jpeg\"},{\"@type\":\"BreadcrumbList\",\"@id\":\"https:\\\/\\\/berlin-coopstudies.de\\\/library\\\/#breadcrumb\",\"itemListElement\":[{\"@type\":\"ListItem\",\"position\":1,\"name\":\"Home\",\"item\":\"https:\\\/\\\/berlin-coopstudies.de\\\/\"},{\"@type\":\"ListItem\",\"position\":2,\"name\":\"Library\"}]},{\"@type\":\"WebSite\",\"@id\":\"https:\\\/\\\/berlin-coopstudies.de\\\/#website\",\"url\":\"https:\\\/\\\/berlin-coopstudies.de\\\/\",\"name\":\"Berlin Institute for Co-operative Studies\",\"description\":\"\",\"publisher\":{\"@id\":\"https:\\\/\\\/berlin-coopstudies.de\\\/#organization\"},\"potentialAction\":[{\"@type\":\"SearchAction\",\"target\":{\"@type\":\"EntryPoint\",\"urlTemplate\":\"https:\\\/\\\/berlin-coopstudies.de\\\/?s={search_term_string}\"},\"query-input\":{\"@type\":\"PropertyValueSpecification\",\"valueRequired\":true,\"valueName\":\"search_term_string\"}}],\"inLanguage\":\"de\"},{\"@type\":\"Organization\",\"@id\":\"https:\\\/\\\/berlin-coopstudies.de\\\/#organization\",\"name\":\"Berlin Institute for Co-operative Studies\",\"url\":\"https:\\\/\\\/berlin-coopstudies.de\\\/\",\"logo\":{\"@type\":\"ImageObject\",\"inLanguage\":\"de\",\"@id\":\"https:\\\/\\\/berlin-coopstudies.de\\\/#\\\/schema\\\/logo\\\/image\\\/\",\"url\":\"https:\\\/\\\/berlin-coopstudies.de\\\/wp-content\\\/uploads\\\/2026\\\/03\\\/ifg_Bildmarke_ohne-Hintergrund.png\",\"contentUrl\":\"https:\\\/\\\/berlin-coopstudies.de\\\/wp-content\\\/uploads\\\/2026\\\/03\\\/ifg_Bildmarke_ohne-Hintergrund.png\",\"width\":272,\"height\":224,\"caption\":\"Berlin Institute for Co-operative Studies\"},\"image\":{\"@id\":\"https:\\\/\\\/berlin-coopstudies.de\\\/#\\\/schema\\\/logo\\\/image\\\/\"}}]}<\/script>\n<!-- \/ Yoast SEO plugin. -->","yoast_head_json":{"title":"Library - Berlin Institute for Co-operative Studies","robots":{"index":"index","follow":"follow","max-snippet":"max-snippet:-1","max-image-preview":"max-image-preview:large","max-video-preview":"max-video-preview:-1"},"canonical":"https:\/\/berlin-coopstudies.de\/de\/library\/","og_locale":"de_DE","og_type":"article","og_title":"Library - Berlin Institute for Co-operative Studies","og_description":"The Institute for Cooperative Studies at the Humboldt University of Berlin has a library with a stock of more than [&hellip;]","og_url":"https:\/\/berlin-coopstudies.de\/de\/library\/","og_site_name":"Berlin Institute for Co-operative Studies","article_modified_time":"2026-03-19T12:22:39+00:00","og_image":[{"width":400,"height":291,"url":"https:\/\/berlin-coopstudies.de\/wp-content\/uploads\/2021\/11\/fafe3923-0a54-4ea6-8b65-136b70223e3f.jpeg","type":"image\/jpeg"}],"twitter_card":"summary_large_image","twitter_misc":{"Gesch\u00e4tzte Lesezeit":"1\u00a0Minute"},"schema":{"@context":"https:\/\/schema.org","@graph":[{"@type":"WebPage","@id":"https:\/\/berlin-coopstudies.de\/library\/","url":"https:\/\/berlin-coopstudies.de\/library\/","name":"Library - Berlin Institute for Co-operative Studies","isPartOf":{"@id":"https:\/\/berlin-coopstudies.de\/#website"},"primaryImageOfPage":{"@id":"https:\/\/berlin-coopstudies.de\/library\/#primaryimage"},"image":{"@id":"https:\/\/berlin-coopstudies.de\/library\/#primaryimage"},"thumbnailUrl":"https:\/\/berlin-coopstudies.de\/wp-content\/uploads\/2021\/11\/fafe3923-0a54-4ea6-8b65-136b70223e3f.jpeg","datePublished":"2021-01-21T14:26:50+00:00","dateModified":"2026-03-19T12:22:39+00:00","breadcrumb":{"@id":"https:\/\/berlin-coopstudies.de\/library\/#breadcrumb"},"inLanguage":"de","potentialAction":[{"@type":"ReadAction","target":["https:\/\/berlin-coopstudies.de\/library\/"]}]},{"@type":"ImageObject","inLanguage":"de","@id":"https:\/\/berlin-coopstudies.de\/library\/#primaryimage","url":"https:\/\/berlin-coopstudies.de\/wp-content\/uploads\/2021\/11\/fafe3923-0a54-4ea6-8b65-136b70223e3f.jpeg","contentUrl":"https:\/\/berlin-coopstudies.de\/wp-content\/uploads\/2021\/11\/fafe3923-0a54-4ea6-8b65-136b70223e3f.jpeg"},{"@type":"BreadcrumbList","@id":"https:\/\/berlin-coopstudies.de\/library\/#breadcrumb","itemListElement":[{"@type":"ListItem","position":1,"name":"Home","item":"https:\/\/berlin-coopstudies.de\/"},{"@type":"ListItem","position":2,"name":"Library"}]},{"@type":"WebSite","@id":"https:\/\/berlin-coopstudies.de\/#website","url":"https:\/\/berlin-coopstudies.de\/","name":"Institut f\u00fcr Genossenschaftswesen Berlin","description":"","publisher":{"@id":"https:\/\/berlin-coopstudies.de\/#organization"},"potentialAction":[{"@type":"SearchAction","target":{"@type":"EntryPoint","urlTemplate":"https:\/\/berlin-coopstudies.de\/?s={search_term_string}"},"query-input":{"@type":"PropertyValueSpecification","valueRequired":true,"valueName":"search_term_string"}}],"inLanguage":"de"},{"@type":"Organization","@id":"https:\/\/berlin-coopstudies.de\/#organization","name":"Institut f\u00fcr Genossenschaftswesen Berlin","url":"https:\/\/berlin-coopstudies.de\/","logo":{"@type":"ImageObject","inLanguage":"de","@id":"https:\/\/berlin-coopstudies.de\/#\/schema\/logo\/image\/","url":"https:\/\/berlin-coopstudies.de\/wp-content\/uploads\/2026\/03\/ifg_Bildmarke_ohne-Hintergrund.png","contentUrl":"https:\/\/berlin-coopstudies.de\/wp-content\/uploads\/2026\/03\/ifg_Bildmarke_ohne-Hintergrund.png","width":272,"height":224,"caption":"Berlin Institute for Co-operative Studies"},"image":{"@id":"https:\/\/berlin-coopstudies.de\/#\/schema\/logo\/image\/"}}]}},"jetpack_sharing_enabled":true,"_links":{"self":[{"href":"https:\/\/berlin-coopstudies.de\/de\/wp-json\/wp\/v2\/pages\/6523","targetHints":{"allow":["GET"]}}],"collection":[{"href":"https:\/\/berlin-coopstudies.de\/de\/wp-json\/wp\/v2\/pages"}],"about":[{"href":"https:\/\/berlin-coopstudies.de\/de\/wp-json\/wp\/v2\/types\/page"}],"author":[{"embeddable":true,"href":"https:\/\/berlin-coopstudies.de\/de\/wp-json\/wp\/v2\/users\/6"}],"replies":[{"embeddable":true,"href":"https:\/\/berlin-coopstudies.de\/de\/wp-json\/wp\/v2\/comments?post=6523"}],"version-history":[{"count":8,"href":"https:\/\/berlin-coopstudies.de\/de\/wp-json\/wp\/v2\/pages\/6523\/revisions"}],"predecessor-version":[{"id":7737,"href":"https:\/\/berlin-coopstudies.de\/de\/wp-json\/wp\/v2\/pages\/6523\/revisions\/7737"}],"wp:attachment":[{"href":"https:\/\/berlin-coopstudies.de\/de\/wp-json\/wp\/v2\/media?parent=6523"}],"curies":[{"name":"wp","href":"https:\/\/api.w.org\/{rel}","templated":true}]}}