{"id":6860,"date":"2022-06-15T15:01:27","date_gmt":"2022-06-15T15:01:27","guid":{"rendered":"https:\/\/berlin-coopstudies.de\/?page_id=6860"},"modified":"2026-03-23T18:25:25","modified_gmt":"2026-03-23T16:25:25","slug":"members-of-the-institute","status":"publish","type":"page","link":"https:\/\/berlin-coopstudies.de\/de\/members-of-the-institute\/","title":{"rendered":"Mitglieder des Instituts"},"content":{"rendered":"<div data-elementor-type=\"wp-page\" data-elementor-id=\"6860\" class=\"elementor elementor-6860\" data-elementor-post-type=\"page\">\n\t\t\t\t<div class=\"elementor-element elementor-element-5d00a632 e-flex e-con-boxed e-con e-parent\" data-id=\"5d00a632\" data-element_type=\"container\" data-e-type=\"container\">\n\t\t\t\t\t<div class=\"e-con-inner\">\n\t\t\t\t<div class=\"elementor-element elementor-element-61b82d09 elementor-widget elementor-widget-text-editor\" data-id=\"61b82d09\" data-element_type=\"widget\" data-e-type=\"widget\" data-widget_type=\"text-editor.default\">\n\t\t\t\t\t\t\t\t\t<p><strong>Prof. Dr. Stephan Beetz <\/strong>Hochschule Mittweida (FH), Fakult\u00e4t f\u00fcr Sozialwissenschaften<\/p>\n<p><strong>Prof. Dr. Jos Bijman<\/strong> Universit\u00e4t Wageningen, Fachbereich Sozialwissenschaften, Gruppe Business Management &amp; Organisation (BMO)<\/p>\n<p><strong>Prof. Dr. Ivan Boevsky<\/strong> Neue Bulgarische Universit\u00e4t, Fachbereich f\u00fcr Betriebswirtschaft. Fachbereich Agrarwirtschaft; Universit\u00e4t f\u00fcr National- und Weltwirtschaft, Fachbereich Wirtschaft, Sofia<\/p>\n<p><strong>Dr. V\u00e9ronique De Herde<\/strong> Fonds f\u00fcr wissenschaftliche Forschung (F.R.S.-FNRS) \u2013 Postdoc, Zentrum f\u00fcr Sozialwirtschaft an der Management School der Universit\u00e4t L\u00fcttich (Belgien).<\/p>\n<p><strong>Prof. Dr. Brett Fairbairn (Pr\u00e4sident)<\/strong> Thompson River University, British Columbia<\/p>\n<p><strong>Prof. Dr. Franz-Theo Gottwald<\/strong> Humboldt-Universit\u00e4t zu Berlin, Professor f\u00fcr Ern\u00e4hrungsethik und Umwelt<\/p>\n<p><strong>Prof. Dr. Nicole G\u00f6ler von Ravensburg<\/strong> Frankfurt University of Applied Sciences, Fachbereich Gesundheit und Soziale Arbeit<\/p>\n<p><strong>Prof. Dr. Harald Grethe<\/strong> Humboldt-Universit\u00e4t zu Berlin, Professor f\u00fcr Internationalen Agrarhandel und Entwicklung<\/p>\n<p><strong>Prof. Dr. Dr. h.c. Konrad Hagedorn<\/strong> Humboldt-Universit\u00e4t zu Berlin, Professor f\u00fcr Ressourcen\u00f6konomie<\/p>\n<p><strong>Prof. Dr. Dr. h.c. Dieter Kirschke<\/strong> Humboldt-Universit\u00e4t zu Berlin, Professor f\u00fcr Agrar- und Ern\u00e4hrungspolitik<\/p>\n<p><strong>Dr. Ziming Liu<\/strong> Ostchinesische Universit\u00e4t f\u00fcr Wissenschaft und Technologie Shanghai, Fakult\u00e4t f\u00fcr soziale und \u00f6ffentliche Verwaltung<\/p>\n<p><strong>Prof. Dr. Markus M\u00e4ndle<\/strong> Hochschule f\u00fcr Wirtschaft und Umwelt N\u00fcrtingen-Geislingen (HfWU), Institut f\u00fcr Unternehmensf\u00fchrung<\/p>\n<p><strong>Dr. Agustina Malvido\u00a0<\/strong><span style=\"text-align: var(--text-align); font-size: 1rem;\">Humboldt-Universit\u00e4t zu Berlin, Lebenswissenschaftliche Fakult\u00e4t, Fachgebiet Agrar\u00f6kologie\u00a0<\/span><\/p>\n<p><strong>Dr.<\/strong><strong>\u00a0<\/strong><strong>Margitta Minah<\/strong> Humboldt-Universit\u00e4t zu Berlin, Fakult\u00e4t f\u00fcr Lebenswissenschaften, Zentrum f\u00fcr L\u00e4ndliche Entwicklung (SLE)<\/p>\n<p><strong>Dr. Robert Philipp<\/strong> Pr\u00fcfungsberater beim Genossenschaftsverband - Verband der Regionen<\/p>\n<p><strong>Dr. Jens Rommel<\/strong> Schwedische Universit\u00e4t f\u00fcr Agrarwissenschaften, Abteilung f\u00fcr Wirtschaft, Uppsala, Schweden<\/p>\n<p><strong>Dr. Julian Sagebiel<\/strong> Deutsches Zentrum f\u00fcr integrative Biodiversit\u00e4tsforschung (iDiv), Halle-Jena-Leipzig<\/p>\n<p><strong>Dr.<\/strong><strong>\u00a0<\/strong><strong>Marleen Th\u00fcrling<\/strong> Institut f\u00fcr Demokratie und Zivilgesellschaft (IDZ), Jena<\/p>\n<p><strong>Prof. Dr. Bengt-Arne Wickstr\u00f6m<\/strong> Humboldt-Universit\u00e4t zu Berlin, Professor f\u00fcr Betriebswirtschaftslehre<\/p>\n<h3><strong>Vorstand<\/strong><\/h3>\n<p><strong>Prof. Dr. Marcel Robischon (Direktor) <\/strong>Humboldt-Universit\u00e4t zu Berlin, Professor f\u00fcr Agrar\u00f6kologie<\/p>\n<p><strong>Prof. Dr. Markus Hanisch\u00a0<\/strong> Humboldt-Universit\u00e4t zu Berlin, Lebenswissenschaftliche Fakult\u00e4t, Seminar f\u00fcr l\u00e4ndliche Entwicklung (SLE)<\/p>\n<p><!-- \/wp:post-content --><!-- wp:paragraph --><\/p>\n<p><strong>Prof. Dr. Wolfgang Bokelmann<\/strong> Humboldt-Universit\u00e4t zu Berlin, Professor f\u00fcr Gartenbau\u00f6konomie<\/p>\n<p><strong>Dr.<\/strong><strong>\u00a0<\/strong><strong>Katrin Martens<\/strong> Humboldt-Universit\u00e4t zu Berlin, The Berlin Institute for Co-operative Studies (IFG)<\/p>\n<p><!-- \/wp:paragraph --><!-- wp:paragraph --><\/p>\n<p><strong>Prof. Dr. Gunnar Prause<\/strong> Technische Universit\u00e4t Tallinn, Professor f\u00fcr Unternehmensforschung und -entwicklung, Baltic China Science Park Network<\/p>\t\t\t\t\t\t\t\t<\/div>\n\t\t\t\t\t<\/div>\n\t\t\t\t<\/div>\n\t\t\t\t<\/div>","protected":false},"excerpt":{"rendered":"<p>Prof. Dr. Stephan Beetz University of Applied Sciences Mittweida (FH), Faculty of Social Sciences Prof. Dr. Jos Bijman Wageningen University, [&hellip;]<\/p>\n","protected":false},"author":6,"featured_media":0,"parent":0,"menu_order":31,"comment_status":"closed","ping_status":"closed","template":"","meta":{"site-sidebar-layout":"default","site-content-layout":"","ast-site-content-layout":"default","site-content-style":"default","site-sidebar-style":"default","ast-global-header-display":"","ast-banner-title-visibility":"","ast-main-header-display":"","ast-hfb-above-header-display":"","ast-hfb-below-header-display":"","ast-hfb-mobile-header-display":"","site-post-title":"","ast-breadcrumbs-content":"","ast-featured-img":"","footer-sml-layout":"","ast-disable-related-posts":"","theme-transparent-header-meta":"","adv-header-id-meta":"","stick-header-meta":"","header-above-stick-meta":"","header-main-stick-meta":"","header-below-stick-meta":"","astra-migrate-meta-layouts":"default","ast-page-background-enabled":"default","ast-page-background-meta":{"desktop":{"background-color":"var(--ast-global-color-5)","background-image":"","background-repeat":"repeat","background-position":"center center","background-size":"auto","background-attachment":"scroll","background-type":"","background-media":"","overlay-type":"","overlay-color":"","overlay-opacity":"","overlay-gradient":""},"tablet":{"background-color":"","background-image":"","background-repeat":"repeat","background-position":"center center","background-size":"auto","background-attachment":"scroll","background-type":"","background-media":"","overlay-type":"","overlay-color":"","overlay-opacity":"","overlay-gradient":""},"mobile":{"background-color":"","background-image":"","background-repeat":"repeat","background-position":"center center","background-size":"auto","background-attachment":"scroll","background-type":"","background-media":"","overlay-type":"","overlay-color":"","overlay-opacity":"","overlay-gradient":""}},"ast-content-background-meta":{"desktop":{"background-color":"var(--ast-global-color-4)","background-image":"","background-repeat":"repeat","background-position":"center center","background-size":"auto","background-attachment":"scroll","background-type":"","background-media":"","overlay-type":"","overlay-color":"","overlay-opacity":"","overlay-gradient":""},"tablet":{"background-color":"var(--ast-global-color-4)","background-image":"","background-repeat":"repeat","background-position":"center center","background-size":"auto","background-attachment":"scroll","background-type":"","background-media":"","overlay-type":"","overlay-color":"","overlay-opacity":"","overlay-gradient":""},"mobile":{"background-color":"var(--ast-global-color-4)","background-image":"","background-repeat":"repeat","background-position":"center center","background-size":"auto","background-attachment":"scroll","background-type":"","background-media":"","overlay-type":"","overlay-color":"","overlay-opacity":"","overlay-gradient":""}},"footnotes":""},"class_list":["post-6860","page","type-page","status-publish","hentry"],"yoast_head":"<!-- This site is optimized with the Yoast SEO plugin v27.3 - https:\/\/yoast.com\/product\/yoast-seo-wordpress\/ -->\n<title>Members of the Institute - Berlin Institute for Co-operative Studies<\/title>\n<meta name=\"robots\" content=\"index, follow, max-snippet:-1, max-image-preview:large, max-video-preview:-1\" \/>\n<link rel=\"canonical\" href=\"https:\/\/berlin-coopstudies.de\/de\/members-of-the-institute\/\" \/>\n<meta property=\"og:locale\" content=\"de_DE\" \/>\n<meta property=\"og:type\" content=\"article\" \/>\n<meta property=\"og:title\" content=\"Members of the Institute - Berlin Institute for Co-operative Studies\" \/>\n<meta property=\"og:description\" content=\"Prof. Dr. Stephan Beetz University of Applied Sciences Mittweida (FH), Faculty of Social Sciences Prof. Dr. Jos Bijman Wageningen University, [&hellip;]\" \/>\n<meta property=\"og:url\" content=\"https:\/\/berlin-coopstudies.de\/de\/members-of-the-institute\/\" \/>\n<meta property=\"og:site_name\" content=\"Berlin Institute for Co-operative Studies\" \/>\n<meta property=\"article:modified_time\" content=\"2026-03-23T16:25:25+00:00\" \/>\n<meta name=\"twitter:card\" content=\"summary_large_image\" \/>\n<meta name=\"twitter:label1\" content=\"Gesch\u00e4tzte Lesezeit\" \/>\n\t<meta name=\"twitter:data1\" content=\"2\u00a0Minuten\" \/>\n<script type=\"application\/ld+json\" class=\"yoast-schema-graph\">{\"@context\":\"https:\\\/\\\/schema.org\",\"@graph\":[{\"@type\":\"WebPage\",\"@id\":\"https:\\\/\\\/berlin-coopstudies.de\\\/members-of-the-institute\\\/\",\"url\":\"https:\\\/\\\/berlin-coopstudies.de\\\/members-of-the-institute\\\/\",\"name\":\"Members of the Institute - Berlin Institute for Co-operative Studies\",\"isPartOf\":{\"@id\":\"https:\\\/\\\/berlin-coopstudies.de\\\/#website\"},\"datePublished\":\"2022-06-15T15:01:27+00:00\",\"dateModified\":\"2026-03-23T16:25:25+00:00\",\"breadcrumb\":{\"@id\":\"https:\\\/\\\/berlin-coopstudies.de\\\/members-of-the-institute\\\/#breadcrumb\"},\"inLanguage\":\"de\",\"potentialAction\":[{\"@type\":\"ReadAction\",\"target\":[\"https:\\\/\\\/berlin-coopstudies.de\\\/members-of-the-institute\\\/\"]}]},{\"@type\":\"BreadcrumbList\",\"@id\":\"https:\\\/\\\/berlin-coopstudies.de\\\/members-of-the-institute\\\/#breadcrumb\",\"itemListElement\":[{\"@type\":\"ListItem\",\"position\":1,\"name\":\"Home\",\"item\":\"https:\\\/\\\/berlin-coopstudies.de\\\/\"},{\"@type\":\"ListItem\",\"position\":2,\"name\":\"Members of the Institute\"}]},{\"@type\":\"WebSite\",\"@id\":\"https:\\\/\\\/berlin-coopstudies.de\\\/#website\",\"url\":\"https:\\\/\\\/berlin-coopstudies.de\\\/\",\"name\":\"Berlin Institute for Co-operative Studies\",\"description\":\"\",\"publisher\":{\"@id\":\"https:\\\/\\\/berlin-coopstudies.de\\\/#organization\"},\"potentialAction\":[{\"@type\":\"SearchAction\",\"target\":{\"@type\":\"EntryPoint\",\"urlTemplate\":\"https:\\\/\\\/berlin-coopstudies.de\\\/?s={search_term_string}\"},\"query-input\":{\"@type\":\"PropertyValueSpecification\",\"valueRequired\":true,\"valueName\":\"search_term_string\"}}],\"inLanguage\":\"de\"},{\"@type\":\"Organization\",\"@id\":\"https:\\\/\\\/berlin-coopstudies.de\\\/#organization\",\"name\":\"Berlin Institute for Co-operative Studies\",\"url\":\"https:\\\/\\\/berlin-coopstudies.de\\\/\",\"logo\":{\"@type\":\"ImageObject\",\"inLanguage\":\"de\",\"@id\":\"https:\\\/\\\/berlin-coopstudies.de\\\/#\\\/schema\\\/logo\\\/image\\\/\",\"url\":\"https:\\\/\\\/berlin-coopstudies.de\\\/wp-content\\\/uploads\\\/2026\\\/03\\\/ifg_Bildmarke_ohne-Hintergrund.png\",\"contentUrl\":\"https:\\\/\\\/berlin-coopstudies.de\\\/wp-content\\\/uploads\\\/2026\\\/03\\\/ifg_Bildmarke_ohne-Hintergrund.png\",\"width\":272,\"height\":224,\"caption\":\"Berlin Institute for Co-operative Studies\"},\"image\":{\"@id\":\"https:\\\/\\\/berlin-coopstudies.de\\\/#\\\/schema\\\/logo\\\/image\\\/\"}}]}<\/script>\n<!-- \/ Yoast SEO plugin. -->","yoast_head_json":{"title":"Members of the Institute - Berlin Institute for Co-operative Studies","robots":{"index":"index","follow":"follow","max-snippet":"max-snippet:-1","max-image-preview":"max-image-preview:large","max-video-preview":"max-video-preview:-1"},"canonical":"https:\/\/berlin-coopstudies.de\/de\/members-of-the-institute\/","og_locale":"de_DE","og_type":"article","og_title":"Members of the Institute - Berlin Institute for Co-operative Studies","og_description":"Prof. Dr. Stephan Beetz University of Applied Sciences Mittweida (FH), Faculty of Social Sciences Prof. Dr. Jos Bijman Wageningen University, [&hellip;]","og_url":"https:\/\/berlin-coopstudies.de\/de\/members-of-the-institute\/","og_site_name":"Berlin Institute for Co-operative Studies","article_modified_time":"2026-03-23T16:25:25+00:00","twitter_card":"summary_large_image","twitter_misc":{"Gesch\u00e4tzte Lesezeit":"2\u00a0Minuten"},"schema":{"@context":"https:\/\/schema.org","@graph":[{"@type":"WebPage","@id":"https:\/\/berlin-coopstudies.de\/members-of-the-institute\/","url":"https:\/\/berlin-coopstudies.de\/members-of-the-institute\/","name":"Members of the Institute - Berlin Institute for Co-operative Studies","isPartOf":{"@id":"https:\/\/berlin-coopstudies.de\/#website"},"datePublished":"2022-06-15T15:01:27+00:00","dateModified":"2026-03-23T16:25:25+00:00","breadcrumb":{"@id":"https:\/\/berlin-coopstudies.de\/members-of-the-institute\/#breadcrumb"},"inLanguage":"de","potentialAction":[{"@type":"ReadAction","target":["https:\/\/berlin-coopstudies.de\/members-of-the-institute\/"]}]},{"@type":"BreadcrumbList","@id":"https:\/\/berlin-coopstudies.de\/members-of-the-institute\/#breadcrumb","itemListElement":[{"@type":"ListItem","position":1,"name":"Home","item":"https:\/\/berlin-coopstudies.de\/"},{"@type":"ListItem","position":2,"name":"Members of the Institute"}]},{"@type":"WebSite","@id":"https:\/\/berlin-coopstudies.de\/#website","url":"https:\/\/berlin-coopstudies.de\/","name":"Institut f\u00fcr Genossenschaftswesen Berlin","description":"","publisher":{"@id":"https:\/\/berlin-coopstudies.de\/#organization"},"potentialAction":[{"@type":"SearchAction","target":{"@type":"EntryPoint","urlTemplate":"https:\/\/berlin-coopstudies.de\/?s={search_term_string}"},"query-input":{"@type":"PropertyValueSpecification","valueRequired":true,"valueName":"search_term_string"}}],"inLanguage":"de"},{"@type":"Organization","@id":"https:\/\/berlin-coopstudies.de\/#organization","name":"Institut f\u00fcr Genossenschaftswesen Berlin","url":"https:\/\/berlin-coopstudies.de\/","logo":{"@type":"ImageObject","inLanguage":"de","@id":"https:\/\/berlin-coopstudies.de\/#\/schema\/logo\/image\/","url":"https:\/\/berlin-coopstudies.de\/wp-content\/uploads\/2026\/03\/ifg_Bildmarke_ohne-Hintergrund.png","contentUrl":"https:\/\/berlin-coopstudies.de\/wp-content\/uploads\/2026\/03\/ifg_Bildmarke_ohne-Hintergrund.png","width":272,"height":224,"caption":"Berlin Institute for Co-operative Studies"},"image":{"@id":"https:\/\/berlin-coopstudies.de\/#\/schema\/logo\/image\/"}}]}},"jetpack_sharing_enabled":true,"_links":{"self":[{"href":"https:\/\/berlin-coopstudies.de\/de\/wp-json\/wp\/v2\/pages\/6860","targetHints":{"allow":["GET"]}}],"collection":[{"href":"https:\/\/berlin-coopstudies.de\/de\/wp-json\/wp\/v2\/pages"}],"about":[{"href":"https:\/\/berlin-coopstudies.de\/de\/wp-json\/wp\/v2\/types\/page"}],"author":[{"embeddable":true,"href":"https:\/\/berlin-coopstudies.de\/de\/wp-json\/wp\/v2\/users\/6"}],"replies":[{"embeddable":true,"href":"https:\/\/berlin-coopstudies.de\/de\/wp-json\/wp\/v2\/comments?post=6860"}],"version-history":[{"count":39,"href":"https:\/\/berlin-coopstudies.de\/de\/wp-json\/wp\/v2\/pages\/6860\/revisions"}],"predecessor-version":[{"id":7763,"href":"https:\/\/berlin-coopstudies.de\/de\/wp-json\/wp\/v2\/pages\/6860\/revisions\/7763"}],"wp:attachment":[{"href":"https:\/\/berlin-coopstudies.de\/de\/wp-json\/wp\/v2\/media?parent=6860"}],"curies":[{"name":"wp","href":"https:\/\/api.w.org\/{rel}","templated":true}]}}